{"id":49416,"date":"2026-03-24T07:58:35","date_gmt":"2026-03-24T11:58:35","guid":{"rendered":"https:\/\/www.linevsystems.com\/?page_id=49416"},"modified":"2026-03-25T05:56:40","modified_gmt":"2026-03-25T09:56:40","slug":"configuracion-de-cookies","status":"publish","type":"page","link":"https:\/\/www.linevsystems.com\/es\/configuracion-de-cookies\/","title":{"rendered":"Pol\u00edtica de cookies"},"content":{"rendered":"<p>Las cookies son archivos de texto que se guardan en el navegador del ordenador (o dispositivo m\u00f3vil) del usuario del sitio web oficial linevsystems.com (en adelante, el sitio) cuando el usuario lo visita, para registrar las acciones realizadas por \u00e9l. Este archivo evita que tenga que volver a introducir o seleccionar los mismos par\u00e1metros al visitar el sitio de nuevo.<\/p>\r\n<p>La finalidad del tratamiento de cookies es garantizar la comodidad de los usuarios del sitio web y mejorar su funcionamiento. No transferimos cookies a terceros ni las utilizamos para identificar datos personales.<\/p>\r\n\r\n<h2 class=\"h3\">El sitio web procesa las siguientes cookies principales y establece sus per\u00edodos de almacenamiento:<\/h2>\r\n\r\n<div class=\"table-responsive\">\r\n    <table>\r\n        <thead>\r\n        <tr>\r\n            <th>Nombre de la cookie<\/th>\r\n            <th>Finalidad de la cookie<\/th>\r\n            <th>Tipo de cookie<\/th>\r\n            <th>Fecha de caducidad de la cookie<\/th>\r\n        <\/tr>\r\n        <\/thead>\r\n        <tbody>\r\n        <tr>\r\n            <td>consentMode_linevsystems<\/td>\r\n            <td>Guarda la elecci\u00f3n del usuario sobre aceptar las cookies.<\/td>\r\n            <td>T\u00e9cnico (requerido)<\/td>\r\n            <td>1 a\u00f1o<\/td>\r\n        <\/tr>\r\n        <\/tbody>\r\n    <\/table>\r\n<\/div>\r\n\r\n<h3 class=\"h4\">Google reCAPTCHA<\/h3>\r\n<div class=\"table-responsive\">\r\n    <table>\r\n        <thead>\r\n        <tr>\r\n            <th>Nombre de la cookie<\/th>\r\n            <th>Finalidad de la cookie<\/th>\r\n            <th>Tipo de cookie<\/th>\r\n            <th>Fecha de caducidad de la cookie<\/th>\r\n        <\/tr>\r\n        <\/thead>\r\n        <tbody>\r\n        <tr>\r\n            <td>AEC<\/td>\r\n            <td>Se utiliza para la gesti\u00f3n de sesiones y la autenticaci\u00f3n. Es necesario para que funcione Google reCAPTCHA.<\/td>\r\n            <td>T\u00e9cnico (requerido)<\/td>\r\n            <td>2 a\u00f1os<\/td>\r\n        <\/tr>\r\n        <tr>\r\n            <td>APISID<\/td>\r\n            <td>Se utiliza para la autenticaci\u00f3n y la seguridad. Es necesario para que funcione Google reCAPTCHA.<\/td>\r\n            <td>T\u00e9cnico (requerido)<\/td>\r\n            <td>2 a\u00f1os<\/td>\r\n        <\/tr>\r\n        <tr>\r\n            <td>HSID<\/td>\r\n            <td>Contiene informaci\u00f3n cifrada sobre la sesi\u00f3n y el usuario. Es necesario para que Google reCAPTCHA funcione.<\/td>\r\n            <td>T\u00e9cnico (requerido)<\/td>\r\n            <td>2 a\u00f1os<\/td>\r\n        <\/tr>\r\n        <tr>\r\n            <td>NID<\/td>\r\n            <td>Almacena las preferencias del usuario para mejorar la experiencia del usuario. Es necesario para que Google reCAPTCHA funcione.<\/td>\r\n            <td>T\u00e9cnico (requerido)<\/td>\r\n            <td>6 meses<\/td>\r\n        <\/tr>\r\n        <tr>\r\n            <td>SAPISID<\/td>\r\n            <td>Se utiliza para la autenticaci\u00f3n de usuarios y la seguridad de la sesi\u00f3n. Es necesario para que funcione Google reCAPTCHA.<\/td>\r\n            <td>T\u00e9cnico (requerido)<\/td>\r\n            <td>2 a\u00f1os<\/td>\r\n        <\/tr>\r\n        <tr>\r\n            <td>SID<\/td>\r\n            <td>Gestiona las sesiones de usuario y la autenticaci\u00f3n. Es necesario para que funcione Google reCAPTCHA.<\/td>\r\n            <td>T\u00e9cnico (requerido)<\/td>\r\n            <td>2 a\u00f1os<\/td>\r\n        <\/tr>\r\n        <tr>\r\n            <td>SIDCC<\/td>\r\n            <td>Evita la falsificaci\u00f3n de solicitudes y protege los datos del usuario. Es necesario para que Google reCAPTCHA funcione.<\/td>\r\n            <td>T\u00e9cnico (requerido)<\/td>\r\n            <td>2 a\u00f1os<\/td>\r\n        <\/tr>\r\n        <tr>\r\n            <td>SSID<\/td>\r\n            <td>Se utiliza para gestionar las sesiones de usuario. Es necesario para que funcione Google reCAPTCHA.<\/td>\r\n            <td>T\u00e9cnico (requerido)<\/td>\r\n            <td>2 a\u00f1os<\/td>\r\n        <\/tr>\r\n        <tr>\r\n            <td>__Secure-1PAPISID<\/td>\r\n            <td>Relacionado con la seguridad y autenticaci\u00f3n del usuario. Necesario para que funcione Google reCAPTCHA.<\/td>\r\n            <td>T\u00e9cnico (requerido)<\/td>\r\n            <td>2 a\u00f1os<\/td>\r\n        <\/tr>\r\n        <tr>\r\n            <td>__Secure-1PSID<\/td>\r\n            <td>Se utiliza para la autenticaci\u00f3n y seguridad del usuario. Es necesario para que funcione Google reCAPTCHA.<\/td>\r\n            <td>T\u00e9cnico (requerido)<\/td>\r\n            <td>2 a\u00f1os<\/td>\r\n        <\/tr>\r\n        <tr>\r\n            <td>__Secure-1PSIDCC<\/td>\r\n            <td>Dise\u00f1ado para prevenir la falsificaci\u00f3n de solicitudes entre sitios (CSRF). Necesario para que Google reCAPTCHA funcione.<\/td>\r\n            <td>T\u00e9cnico (requerido)<\/td>\r\n            <td>2 a\u00f1os<\/td>\r\n        <\/tr>\r\n        <tr>\r\n            <td>__Secure-1PSIDTS<\/td>\r\n            <td>Se utiliza para la autenticaci\u00f3n de usuarios y la gesti\u00f3n de sesiones. Es necesario para que funcione Google reCAPTCHA.<\/td>\r\n            <td>T\u00e9cnico (requerido)<\/td>\r\n            <td>2 a\u00f1os<\/td>\r\n        <\/tr>\r\n        <tr>\r\n            <td>__Secure-3PAPISID<\/td>\r\n            <td>Relacionado con la seguridad y autenticaci\u00f3n del usuario. Necesario para que funcione Google reCAPTCHA.<\/td>\r\n            <td>T\u00e9cnico (requerido)<\/td>\r\n            <td>2 a\u00f1os<\/td>\r\n        <\/tr>\r\n        <tr>\r\n            <td>__Secure-3PSID,<br> __Secure-3PSIDTS<\/td>\r\n            <td>Se utiliza para proteger contra el acceso no autorizado. Es necesario para que funcione Google reCAPTCHA.<\/td>\r\n            <td>T\u00e9cnico (requerido)<\/td>\r\n            <td>2 a\u00f1os<\/td>\r\n        <\/tr>\r\n        <tr>\r\n            <td>__Secure-3PSIDCC<\/td>\r\n            <td>Evita la falsificaci\u00f3n de solicitudes y protege los datos. Es necesario para que Google reCAPTCHA funcione.<\/td>\r\n            <td>T\u00e9cnico (requerido)<\/td>\r\n            <td>2 a\u00f1os<\/td>\r\n        <\/tr>\r\n        <\/tbody>\r\n    <\/table>\r\n<\/div>\r\n\r\n<h3 class=\"h4\">Cloudflare<\/h3>\r\n<div class=\"table-responsive\">\r\n    <table>\r\n        <thead>\r\n        <tr>\r\n            <th>Nombre de la cookie<\/th>\r\n            <th>Finalidad de la cookie<\/th>\r\n            <th>Tipo de cookie<\/th>\r\n            <th>Fecha de caducidad de la cookie<\/th>\r\n        <\/tr>\r\n        <\/thead>\r\n        <tbody>\r\n        <tr>\r\n            <td>cf_clearance<\/td>\r\n            <td>Identifies that a specific client has passed Cloudflare&#8217;s challenge and is now considered \u00abclean\u00bb\/trusted. Required for contact form 7 to work.<\/td>\r\n            <td>T\u00e9cnico (requerido)<\/td>\r\n            <td>1 year<\/td>\r\n        <\/tr>\r\n        <tr>\r\n            <td>__cf_bm<\/td>\r\n            <td>Helps Cloudflare distinguish automated bots from real users. Required for contact form 7 to work.<\/td>\r\n            <td>T\u00e9cnico (requerido)<\/td>\r\n            <td>1 dey<\/td>\r\n        <\/tr>\r\n        <tr>\r\n            <td>_cfuvid<\/td>\r\n            <td>Used by Cloudflare to identify a unique visitor session\/device for certain security and optimization mechanisms. Required for contact form 7 to work.<\/td>\r\n            <td>T\u00e9cnico (requerido)<\/td>\r\n            <td>Session<\/td>\r\n        <\/tr>\r\n        <\/tbody>\r\n    <\/table>\r\n<\/div>\r\n\r\n<h3 class=\"h4\">M\u00e9trica<\/h3>\r\n<div class=\"table-responsive\">\r\n    <table>\r\n        <thead>\r\n        <tr>\r\n            <th>Nombre de la cookie<\/th>\r\n            <th>Finalidad de la cookie<\/th>\r\n            <th>Tipo de cookie<\/th>\r\n            <th>Fecha de caducidad de la cookie<\/th>\r\n        <\/tr>\r\n        <\/thead>\r\n        <tbody>\r\n        <tr>\r\n            <td>_ym_uid<\/td>\r\n            <td>Se utiliza para identificar usuarios \u00fanicos en los sitios web.<\/td>\r\n            <td>Anal\u00edtica<\/td>\r\n            <td>1 a\u00f1o<\/td>\r\n        <\/tr>\r\n        <tr>\r\n            <td>_ym_d<\/td>\r\n            <td>Se utiliza para almacenar informaci\u00f3n sobre la fecha de la primera visita del usuario al sitio.<\/td>\r\n            <td>Anal\u00edtica<\/td>\r\n            <td>1 a\u00f1o<\/td>\r\n        <\/tr>\r\n        <tr>\r\n            <td>yandexuid<\/td>\r\n            <td>Se utiliza para identificar usuarios \u00fanicos en los servicios.<\/td>\r\n            <td>Anal\u00edtica<\/td>\r\n            <td>1 a\u00f1o<\/td>\r\n        <\/tr>\r\n        <tr>\r\n            <td>yashr<\/td>\r\n            <td>Se utiliza para gestionar la configuraci\u00f3n de las impresiones de anuncios y realizar un seguimiento de las interacciones de los usuarios con los anuncios.<\/td>\r\n            <td>Anal\u00edtica<\/td>\r\n            <td>1 a\u00f1o<\/td>\r\n        <\/tr>\r\n        <tr>\r\n            <td>ymex<\/td>\r\n            <td>Se utiliza para identificar usuarios y analizar su comportamiento en varios servicios.<\/td>\r\n            <td>Anal\u00edtica<\/td>\r\n            <td>1 a\u00f1o<\/td>\r\n        <\/tr>\r\n        <tr>\r\n            <td>_ym_visorc<\/td>\r\n            <td>Se utiliza para el correcto funcionamiento de Webvisor.<\/td>\r\n            <td>Anal\u00edtica<\/td>\r\n            <td>30 minutos<\/td>\r\n        <\/tr>\r\n        <tr>\r\n            <td>bh<\/td>\r\n            <td>Se utiliza para analizar el comportamiento del usuario y recopilar estad\u00edsticas sobre las interacciones con los servicios.<\/td>\r\n            <td>Anal\u00edtica<\/td>\r\n            <td>1 a\u00f1o 1 mes<\/td>\r\n        <\/tr>\r\n        <tr>\r\n            <td>yp<\/td>\r\n            <td>Se utiliza para almacenar el ID del usuario y analizar las interacciones con los servicios.<\/td>\r\n            <td>Anal\u00edtica<\/td>\r\n            <td>1 a\u00f1o 1 mes<\/td>\r\n        <\/tr>\r\n        <tr>\r\n            <td>_ym_isad<\/td>\r\n            <td>Se utiliza para determinar si el visitante utiliza bloqueadores de anuncios.<\/td>\r\n            <td>Anal\u00edtica<\/td>\r\n            <td>20 horas<\/td>\r\n        <\/tr>\r\n        <tr>\r\n            <td>i<\/td>\r\n            <td>Se utiliza para identificar a los usuarios y realizar un seguimiento de sus sesiones en los servicios.<\/td>\r\n            <td>Anal\u00edtica<\/td>\r\n            <td>1 a\u00f1o 1 mes<\/td>\r\n        <\/tr>\r\n        <tr>\r\n            <td>yuidss<\/td>\r\n            <td>Se utiliza para identificar a los usuarios y garantizar la seguridad de sus sesiones.<\/td>\r\n            <td>Anal\u00edtica<\/td>\r\n            <td>1 a\u00f1o 1 mes<\/td>\r\n        <\/tr>\r\n        <tr>\r\n            <td>yabs-sid<\/td>\r\n            <td>Ayuda a realizar un seguimiento de las interacciones del usuario con el servicio y a personalizar las ofertas.<\/td>\r\n            <td>Anal\u00edtica<\/td>\r\n            <td>Por temporada<\/td>\r\n        <\/tr>\r\n        <\/tbody>\r\n    <\/table>\r\n<\/div>\r\n\r\n<h3 class=\"h4\">Google Analytics<\/h3>\r\n<div class=\"table-responsive\">\r\n    <table>\r\n        <thead>\r\n        <tr>\r\n            <th>Nombre de la cookie<\/th>\r\n            <th>Finalidad de la cookie<\/th>\r\n            <th>Tipo de cookie<\/th>\r\n            <th>Fecha de caducidad de la cookie<\/th>\r\n        <\/tr>\r\n        <\/thead>\r\n        <tbody>\r\n        <tr>\r\n            <td>_ga<\/td>\r\n            <td>Esta es una cookie de Google Analytics que se utiliza para identificar usuarios \u00fanicos.<\/td>\r\n            <td>Anal\u00edtica<\/td>\r\n            <td>1 a\u00f1o 1 mes<\/td>\r\n        <\/tr>\r\n        <tr>\r\n            <td>_ga_TK1FBMHXMM,<br>_ga_WLMMYH0N40<\/td>\r\n            <td>Esta cookie es utilizada por Google Analytics para mantener el estado de la sesi\u00f3n.<\/td>\r\n            <td>Anal\u00edtica<\/td>\r\n            <td>1 a\u00f1o 1 mes<\/td>\r\n        <\/tr>\r\n\r\n        <tr>\r\n            <td>_gid<\/td>\r\n            <td>Esta es una cookie de Google Analytics que se encarga de rastrear el comportamiento del usuario.<\/td>\r\n            <td>Anal\u00edtica<\/td>\r\n            <td>1 d\u00eda<\/td>\r\n        <\/tr>\r\n        <\/tbody>\r\n    <\/table>\r\n<\/div>\r\n\r\n<h2 class=\"h3\">C\u00f3mo obtenemos su consentimiento<\/h2>\r\n<p>Solicitamos su consentimiento para el uso de cookies, con la excepci\u00f3n de las cookies estrictamente necesarias, que pueden instalarse sin su consentimiento. Puede gestionar sus preferencias de cookies en cualquier momento haciendo clic en el enlace \u00abConfiguraci\u00f3n de cookies\u00bb que encontrar\u00e1 al final del sitio web.<\/p>\r\n\r\n<h2 class=\"h3\">Configuraci\u00f3n de cookies<\/h2>\r\n<p>Los usuarios pueden \u201cAceptar\u201d o \u201cRechazar\u201d las cookies procesadas en el sitio. Sin embargo, el sitio solo funcionar\u00e1 correctamente si se utilizan todas las cookies.<\/p>\r\n<p>Si desactiva las cookies de funcionalidad, es posible que deba volver a seleccionar sus preferencias de cookies.<\/p>\r\n<p>Desactivar las cookies de an\u00e1lisis nos impide determinar las preferencias de los usuarios del sitio, incluidas las p\u00e1ginas m\u00e1s y menos populares, y tomar medidas para mejorar el sitio en funci\u00f3n de dichas preferencias.<\/p>\r\n\r\n<h2 class=\"h3\">Configuraci\u00f3n de cookies en su navegador<\/h2>\r\n<p>Adem\u00e1s de la configuraci\u00f3n de cookies en el sitio web, los usuarios pueden aceptar o rechazar la recopilaci\u00f3n de todas o algunas cookies en la configuraci\u00f3n de su navegador.<\/p>\r\n<p>Algunos navegadores permiten visitar sitios web en modo inc\u00f3gnito para limitar la cantidad de informaci\u00f3n almacenada en su ordenador y eliminar autom\u00e1ticamente las cookies de sesi\u00f3n. Adem\u00e1s, el usuario puede eliminar las cookies guardadas previamente seleccionando la opci\u00f3n correspondiente en el historial del navegador.<\/p>\r\n<p>Puede encontrar m\u00e1s informaci\u00f3n sobre las opciones de gesti\u00f3n de cookies siguiendo los enlaces externos que le llevar\u00e1n a las p\u00e1ginas correspondientes de los sitios web de los principales navegadores:<\/p>\r\n<ul>\r\n   <li><a href=\"https:\/\/support.mozilla.org\/en-US\/kb\/clear-cookies-and-site-data-firefox?redirectslug=udalenie-kukov-dlya-udaleniya-informacii-kotoruyu-&amp;redirectlocale=ru\" target=\"_blank\" rel=\"nofollow\">Mozilla<\/a><\/li>\r\n   <li><a href=\"https:\/\/support.google.com\/chrome\/answer\/95647?hl=en\" target=\"_blank\" rel=\"nofollow\">Google<\/a><\/li>\r\n   <li><a href=\"https:\/\/support.apple.com\/en-ca\/guide\/safari\/sfri11471\/mac\" target=\"_blank\" rel=\"nofollow\">Safari<\/a><\/li>\r\n   <li><a href=\"https:\/\/help.opera.com\/en\/latest\/web-preferences\/#%D0%A3%D0%BF%D1%80%D0%B0%D0%B2%D0%BB%D0%B5%D0%BD%D0%B8%D0%B5-%D1%84%D0%B0%D0%B9%D0%BB%D0%B0%D0%BC%D0%B8-cookie\" target=\"_blank\" rel=\"nofollow\">Opera<\/a><\/li>\r\n   <li><a href=\"https:\/\/support.microsoft.com\/en-us\/windows\/manage-cookies-in-microsoft-edge-view-allow-block-delete-and-use-168dab11-0753-043d-7c16-ede5947fc64d\" target=\"_blank\" rel=\"nofollow\">Microsoft Edge<\/a><\/li>\r\n<\/ul>\r\n\r\n<h2 class=\"h3\">Cookies de terceros<\/h2>\r\n<p>Podemos utilizar cookies de terceros para diversos fines, incluyendo an\u00e1lisis y publicidad. Estas cookies se rigen por las pol\u00edticas de privacidad de los terceros correspondientes.<\/p>\r\n<ul>\r\n   <li><a href=\"https:\/\/policies.google.com\/technologies\/cookies?hl=en\" target=\"_blank\" rel=\"nofollow\">Google<\/a><\/li>\r\n<\/ul>\r\n\r\n<h2 class=\"h3\">Cambios en esta Pol\u00edtica de Cookies<\/h2>\r\n<p>Es posible que actualicemos esta Pol\u00edtica de Cookies peri\u00f3dicamente para reflejar cambios en nuestras pr\u00e1cticas o en la legislaci\u00f3n vigente. Cualquier cambio se publicar\u00e1 en esta p\u00e1gina.<\/p>\r\n\r\n<h2 class=\"h3\">Informaci\u00f3n de contacto<\/h2>\r\n<p>Si tiene alguna pregunta o inquietud sobre nuestro uso de cookies, por favor <a href=\"https:\/\/www.linevsystems.com\/es\/contactos\/presencia-mundial\/\">cont\u00e1ctenos<\/a>.<\/p>\r\n","protected":false},"excerpt":{"rendered":"Las cookies son archivos de texto que se guardan en el navegador del ordenador (o dispositivo m\u00f3vil) del usuario del sitio web oficial linevsystems.com (en adelante, el sitio) cuando el usuario lo visita, para registrar las acciones realizadas por \u00e9l. Este archivo evita que tenga que volver a introducir o seleccionar los mismos par\u00e1metros al [&hellip;]","protected":false},"author":1,"featured_media":0,"parent":0,"menu_order":0,"comment_status":"closed","ping_status":"closed","template":"page-cookie-policy.php","meta":{"_acf_changed":false,"footnotes":""},"class_list":["post-49416","page","type-page","status-publish","hentry"],"acf":[],"aioseo_notices":[],"_links":{"self":[{"href":"https:\/\/www.linevsystems.com\/es\/wp-json\/wp\/v2\/pages\/49416","targetHints":{"allow":["GET"]}}],"collection":[{"href":"https:\/\/www.linevsystems.com\/es\/wp-json\/wp\/v2\/pages"}],"about":[{"href":"https:\/\/www.linevsystems.com\/es\/wp-json\/wp\/v2\/types\/page"}],"author":[{"embeddable":true,"href":"https:\/\/www.linevsystems.com\/es\/wp-json\/wp\/v2\/users\/1"}],"replies":[{"embeddable":true,"href":"https:\/\/www.linevsystems.com\/es\/wp-json\/wp\/v2\/comments?post=49416"}],"version-history":[{"count":6,"href":"https:\/\/www.linevsystems.com\/es\/wp-json\/wp\/v2\/pages\/49416\/revisions"}],"predecessor-version":[{"id":49473,"href":"https:\/\/www.linevsystems.com\/es\/wp-json\/wp\/v2\/pages\/49416\/revisions\/49473"}],"wp:attachment":[{"href":"https:\/\/www.linevsystems.com\/es\/wp-json\/wp\/v2\/media?parent=49416"}],"curies":[{"name":"wp","href":"https:\/\/api.w.org\/{rel}","templated":true}]}}