{"id":21580,"date":"2025-03-26T03:23:55","date_gmt":"2025-03-26T07:23:55","guid":{"rendered":"https:\/\/linevsystems-test.com\/politica-de-privacidad-y-gdpr\/"},"modified":"2026-04-09T08:51:07","modified_gmt":"2026-04-09T12:51:07","slug":"privacy-gdpr-policy","status":"publish","type":"page","link":"https:\/\/www.linevsystems.com\/es\/privacy-gdpr-policy\/","title":{"rendered":"Pol\u00edtica de privacidad y GDPR"},"content":{"rendered":"<div class=\"article\">\r\n<div class=\"article__inner\">\r\n\r\n<h2 style=\"text-align:center;\">POL\u00cdTICA DE PRIVACIDAD Y COOKIES<\/h2>\r\n<p><strong>Fecha de entrada en vigor:<\/strong> 19.03.2026<\/p>\r\n\r\n<p>\r\nEsta Pol\u00edtica de Privacidad y Cookies (\u201cPol\u00edtica\u201d) explica c\u00f3mo LINEV Systems US, Inc. (\u201cLINEV Systems\u201d, \u201cnosotros\u201d, \u201cnos\u201d, \u201cnuestro\u201d) recopila y utiliza informaci\u00f3n personal cuando usted visita o interact\u00faa con nuestro sitio web. Esta Pol\u00edtica tambi\u00e9n describe c\u00f3mo utilizamos cookies y las opciones que usted tiene.\r\n<\/p>\r\n\r\n<h3>Nuestros principios de privacidad<\/h3>\r\n\r\n<p>Independientemente de su ubicaci\u00f3n, LINEV Systems sigue estos principios fundamentales:<\/p>\r\n\r\n<ul>\r\n<li>Licitud, equidad y transparencia<\/li>\r\n<li>Limitaci\u00f3n de la finalidad y minimizaci\u00f3n de datos<\/li>\r\n<li>Exactitud y seguridad<\/li>\r\n<li>Limitaci\u00f3n del almacenamiento<\/li>\r\n<li>Integridad y confidencialidad<\/li>\r\n<li>Responsabilidad y respeto por los derechos del usuario<\/li>\r\n<\/ul>\r\n\r\n<h3>Qui\u00e9nes somos (Responsable del tratamiento)<\/h3>\r\n<p>\r\n<\/p>\r\n\r\n<p><strong>Nombre del Responsable del tratamiento:<\/strong> LINEV Systems US, Inc.<\/p>\r\n<p><strong>Direcci\u00f3n del Responsable del tratamiento:<\/strong> 13631 Poplar Circle, Conroe, TX 77304, USA<\/p>\r\n<p><strong>Sitio web:<\/strong> <a href=\"https:\/\/linevsystems.us\">https:\/\/www.linevsystems.com<\/a><\/p>\r\n<p><strong>Correo electr\u00f3nico de contacto comercial y de privacidad:<\/strong> <a href=\"mailto:info@linevsystems.com\">info@linevsystems.com<\/a><\/p>\r\n<p>\r\n<\/p>\r\n\r\n<h3>Qu\u00e9 datos personales recopilamos<\/h3>\r\n\r\n<h4>1 Datos que usted proporciona directamente<\/h4>\r\n\r\n<p>\r\nRecopilamos datos personales que usted decide proporcionar cuando interact\u00faa con nosotros, incluso a trav\u00e9s de formularios de contacto, correo electr\u00f3nico, tel\u00e9fono o chat en vivo. Esto puede incluir:\r\n<\/p>\r\n\r\n<ul>\r\n<li>Nombre completo<\/li>\r\n<li>Nombre de la empresa<\/li>\r\n<li>Cargo o funci\u00f3n<\/li>\r\n<li>Correo electr\u00f3nico profesional<\/li>\r\n<li>N\u00famero de tel\u00e9fono<\/li>\r\n<li>Pa\u00eds, ciudad o regi\u00f3n<\/li>\r\n<li>El contenido de su consulta (incluida informaci\u00f3n t\u00e9cnica, comercial o relacionada con asociaciones)<\/li>\r\n<\/ul>\r\n\r\n<h4>2 Datos recopilados autom\u00e1ticamente<\/h4>\r\n\r\n<p>Cuando visita el Sitio web, podemos recopilar autom\u00e1ticamente:<\/p>\r\n\r\n<ul>\r\n<li>Direcci\u00f3n IP<\/li>\r\n<li>Tipo y versi\u00f3n del navegador<\/li>\r\n<li>Informaci\u00f3n del dispositivo y del sistema operativo<\/li>\r\n<li>Idioma y ubicaci\u00f3n aproximada (a nivel de pa\u00eds\/ciudad)<\/li>\r\n<li>P\u00e1ginas visitadas, rutas de navegaci\u00f3n, marcas de tiempo y URL de referencia<\/li>\r\n<\/ul>\r\n\r\n<p>Esta informaci\u00f3n se recopila mediante cookies.<\/p>\r\n\r\n<h3>C\u00f3mo recopilamos datos personales<\/h3>\r\n\r\n<p>Recopilamos sus datos personales a trav\u00e9s de:<\/p>\r\n\r\n<ul>\r\n<li>Formularios de contacto del sitio web<\/li>\r\n<li>Direcciones de correo electr\u00f3nico y n\u00fameros de tel\u00e9fono en los que se puede hacer clic<\/li>\r\n<li>Chat en vivo (incluido Chatway)<\/li>\r\n<li>Herramientas de protecci\u00f3n contra spam y abuso (p. ej. reCAPTCHA)<\/li>\r\n<li>Herramientas de an\u00e1lisis y medici\u00f3n publicitaria<\/li>\r\n<\/ul>\r\n\r\n<h3>Cookies<\/h3>\r\n<p>\r\n<\/p>\r\n\r\n<h4>1 Qu\u00e9 son las cookies<\/h4>\r\n\r\n<p>\r\nLas cookies son peque\u00f1os archivos de texto que se colocan en su dispositivo cuando visita un sitio web. Tambi\u00e9n podemos utilizar tecnolog\u00edas similares, como p\u00edxeles, etiquetas, scripts, SDK y almacenamiento local. En esta Pol\u00edtica, todas esas tecnolog\u00edas se denominan \u201ccookies\u201d.\r\n<\/p>\r\n\r\n<h4>2 Tipos de cookies que utilizamos<\/h4>\r\n<p>\r\n<\/p>\r\n\r\n<p><strong>Cookies estrictamente necesarias<\/strong><\/p>\r\n<p>Necesarias para la funcionalidad b\u00e1sica del Sitio web, la seguridad y la gesti\u00f3n de la red.<\/p>\r\n\r\n<p><strong>Cookies anal\u00edticas<\/strong><\/p>\r\n<p>Se utilizan para comprender c\u00f3mo los visitantes usan el Sitio web y para mejorar el rendimiento y el contenido.<\/p>\r\n\r\n<p><strong>Cookies funcionales<\/strong><\/p>\r\n<p>Respaldan una funcionalidad mejorada y la experiencia del usuario cuando se implementan.<\/p>\r\n\r\n<p><strong>Cookies publicitarias y de medici\u00f3n<\/strong><\/p>\r\n<p>\r\nSe utilizan para medir el rendimiento de la publicidad y del marketing, incluida la publicidad contextual y la eficacia de las campa\u00f1as.\r\n<\/p>\r\n\r\n<p><strong>Cookies relacionadas con el chat<\/strong><\/p>\r\n<p>\r\nCuando la funcionalidad de chat est\u00e1 habilitada, pueden utilizarse cookies o tecnolog\u00edas similares para la continuidad de la sesi\u00f3n, la entrega de mensajes y la seguridad.\r\n<\/p>\r\n\r\n<h3>Gesti\u00f3n de cookies y consentimiento<\/h3>\r\n\r\n<p>Puede gestionar las cookies de las siguientes maneras:<\/p>\r\n\r\n<h4>1 Configuraci\u00f3n o banner de cookies<\/h4>\r\n\r\n<p>\r\nCuando visite el Sitio web por primera vez, puede aceptar, rechazar o personalizar las cookies no esenciales. Puede cambiar o retirar su consentimiento en cualquier momento.\r\n<\/p>\r\n\r\n<h4>2 Configuraci\u00f3n del navegador<\/h4>\r\n\r\n<p>Puede bloquear o eliminar cookies a trav\u00e9s de los controles de su navegador.<\/p>\r\n\r\n<h4>3 Controles publicitarios<\/h4>\r\n\r\n<p>\r\nPuede limitar determinadas cookies publicitarias utilizando la configuraci\u00f3n del navegador, del dispositivo o de la plataforma.\r\n<\/p>\r\n\r\n<h3>Compartici\u00f3n de datos personales<\/h3>\r\n\r\n<p>Podemos compartir datos personales con:<\/p>\r\n\r\n<ul>\r\n<li>Personal autorizado de LINEV Systems que necesite esos datos para desempe\u00f1ar sus funciones<\/li>\r\n<li>Proveedores de servicios que respaldan nuestras operaciones, incluidos:\r\n<ul>\r\n<li>Proveedores de alojamiento web y TI<\/li>\r\n<li>Proveedores de an\u00e1lisis y medici\u00f3n del rendimiento<\/li>\r\n<li>Proveedores de tecnolog\u00eda publicitaria y de marketing<\/li>\r\n<li>Proveedores de servicios de chat en vivo<\/li>\r\n<li>Proveedores de seguridad, prevenci\u00f3n de spam y servicios de soporte<\/li>\r\n<\/ul>\r\n<\/li>\r\n<\/ul>\r\n\r\n<p>\r\nLos datos personales tambi\u00e9n pueden divulgarse cuando lo exija la ley o para proteger nuestros derechos, seguridad o propiedad.\r\n<\/p>\r\n\r\n<p>No vendemos datos personales.<\/p>\r\n\r\n<h3>Seguridad y conservaci\u00f3n de los datos<\/h3>\r\n\r\n<p>\r\nConservamos los datos personales solo durante el tiempo necesario para los fines descritos en esta Pol\u00edtica, incluidos:\r\n<\/p>\r\n\r\n<ul>\r\n<li>Gestionar consultas y comunicaciones en curso<\/li>\r\n<li>Mantener registros comerciales y de cumplimiento adecuados<\/li>\r\n<li>Resolver disputas y hacer cumplir acuerdos<\/li>\r\n<\/ul>\r\n\r\n<p>\r\nLos datos personales se almacenar\u00e1n durante dos a\u00f1os a partir del momento en que usted inicie sesi\u00f3n en el sitio web.\r\n<\/p>\r\n\r\n<h3>Transferencias internacionales de datos<\/h3>\r\n\r\n<p>LINEV Systems puede procesar datos personales fuera de su pa\u00eds de residencia.<\/p>\r\n<p>Cuando la ley lo exija, se aplicar\u00e1n las salvaguardas adecuadas.<\/p>\r\n\r\n<h3>Sus derechos<\/h3>\r\n\r\n<p>\r\nDependiendo de su estado de residencia y de la legislaci\u00f3n aplicable, usted puede tener derecho a:\r\n<\/p>\r\n\r\n<ul>\r\n<li>Solicitar acceso a los datos personales<\/li>\r\n<li>Solicitar la eliminaci\u00f3n de los datos personales<\/li>\r\n<li>Solicitar la correcci\u00f3n de datos personales inexactos<\/li>\r\n<li>Excluirse de determinados usos de los datos, incluida la publicidad dirigida o el intercambio de datos (seg\u00fan lo definido por la ley)<\/li>\r\n<li>Solicitar la restricci\u00f3n del tratamiento<\/li>\r\n<\/ul>\r\n\r\n<p>\r\nPara ejercer estos derechos, p\u00f3ngase en contacto con nosotros utilizando los datos indicados a continuaci\u00f3n. Es posible que necesitemos verificar su solicitud antes de responder.\r\n<\/p>\r\n\r\n<h3>Ni\u00f1os<\/h3>\r\n\r\n<p>\r\nNuestro sitio web y nuestros servicios est\u00e1n destinados a usuarios profesionales y empresariales y no est\u00e1n dirigidos a ni\u00f1os.\r\n<\/p>\r\n\r\n<h3>Cambios en esta Pol\u00edtica<\/h3>\r\n\r\n<p>\r\nPodemos actualizar esta Pol\u00edtica de vez en cuando. La fecha de entrada en vigor indicada arriba se\u00f1ala la versi\u00f3n m\u00e1s reciente.\r\n<\/p>\r\n\r\n<h3>Contacto<\/h3>\r\n\r\n<p>Si tiene preguntas sobre esta Pol\u00edtica o solicitudes relacionadas con la privacidad:<\/p>\r\n<p><strong>Correo electr\u00f3nico:<\/strong> <a href=\"mailto:info@linevsystems.com\">info@linevsystems.com<\/a><\/p>\r\n\r\n<p>Si desea corregir algo, puede hacerlo en este <strong><a href=\"https:\/\/www.linevsystems.com\/es\/configuracion-de-cookies\/\" rel=\"noopener\" target=\"_blank\">enlace<\/a><\/strong>.<\/p>\r\n\r\n\r\n<\/div>\r\n<\/div>","protected":false},"excerpt":{"rendered":"POL\u00cdTICA DE PRIVACIDAD Y COOKIES Fecha de entrada en vigor: 19.03.2026 Esta Pol\u00edtica de Privacidad y Cookies (\u201cPol\u00edtica\u201d) explica c\u00f3mo LINEV Systems US, Inc. (\u201cLINEV Systems\u201d, \u201cnosotros\u201d, \u201cnos\u201d, \u201cnuestro\u201d) recopila y utiliza informaci\u00f3n personal cuando usted visita o interact\u00faa con nuestro sitio web. Esta Pol\u00edtica tambi\u00e9n describe c\u00f3mo utilizamos cookies y las opciones que usted [&hellip;]","protected":false},"author":1,"featured_media":21581,"parent":0,"menu_order":21,"comment_status":"closed","ping_status":"closed","template":"","meta":{"_acf_changed":false,"footnotes":""},"class_list":["post-21580","page","type-page","status-publish","has-post-thumbnail","hentry"],"acf":[],"aioseo_notices":[],"_links":{"self":[{"href":"https:\/\/www.linevsystems.com\/es\/wp-json\/wp\/v2\/pages\/21580","targetHints":{"allow":["GET"]}}],"collection":[{"href":"https:\/\/www.linevsystems.com\/es\/wp-json\/wp\/v2\/pages"}],"about":[{"href":"https:\/\/www.linevsystems.com\/es\/wp-json\/wp\/v2\/types\/page"}],"author":[{"embeddable":true,"href":"https:\/\/www.linevsystems.com\/es\/wp-json\/wp\/v2\/users\/1"}],"replies":[{"embeddable":true,"href":"https:\/\/www.linevsystems.com\/es\/wp-json\/wp\/v2\/comments?post=21580"}],"version-history":[{"count":4,"href":"https:\/\/www.linevsystems.com\/es\/wp-json\/wp\/v2\/pages\/21580\/revisions"}],"predecessor-version":[{"id":50787,"href":"https:\/\/www.linevsystems.com\/es\/wp-json\/wp\/v2\/pages\/21580\/revisions\/50787"}],"wp:featuredmedia":[{"embeddable":true,"href":"https:\/\/www.linevsystems.com\/es\/wp-json\/wp\/v2\/media\/21581"}],"wp:attachment":[{"href":"https:\/\/www.linevsystems.com\/es\/wp-json\/wp\/v2\/media?parent=21580"}],"curies":[{"name":"wp","href":"https:\/\/api.w.org\/{rel}","templated":true}]}}