{"id":20294,"date":"2025-03-18T02:38:04","date_gmt":"2025-03-18T06:38:04","guid":{"rendered":"https:\/\/linevsystems-test.com\/tecnologias\/clasificacion-por-rayos-x-de-baterias\/"},"modified":"2025-04-25T13:09:24","modified_gmt":"2025-04-25T17:09:24","slug":"clasificacion-por-rayos-x-de-baterias","status":"publish","type":"page","link":"https:\/\/www.linevsystems.com\/es\/tecnologias\/clasificacion-por-rayos-x-de-baterias\/","title":{"rendered":"Clasificaci\u00f3n por rayos X de bater\u00edas"},"content":{"rendered":"<span data-mce-type=\"bookmark\" style=\"display: inline-block; width: 0px; overflow: hidden; line-height: 0;\" class=\"mce_SELRES_start\">\ufeff<\/span>\r\n\r\n<div class=\"article\">\r\n<div class=\"article__inner\">\r\n<h2 class=\"h2 article__title lazy-load-box\" style=\"margin-top: 30px\">Responsabilidad global<\/h2>\r\n\r\n<p class=\"article__text text-lg lazy-load-box\">La eliminaci\u00f3n y reciclaje de las pilas port\u00e1tiles usadas se ha convertido en un problema global a medida que aumenta el consumo de bater\u00edas. Existe un enfoque creciente en la recolecci\u00f3n, almacenamiento, clasificaci\u00f3n y desarrollo de m\u00e9todos de reciclaje adecuados para minimizar la cantidad de desechos y prevenir que sustancias da\u00f1inas ingresen al medio ambiente y al cuerpo humano.<\/p>\r\n\r\n<iframe width=100% height=\"620\" src=\"https:\/\/www.youtube.com\/embed\/7nrGmabA_j4\" title=\"LINEV Systems | Soluciones de clasificaci\u00f3n para el reciclaje de bater\u00edas\" frameborder=\"0\" allow=\"accelerometer; autoplay; clipboard-write; encrypted-media; gyroscope; picture-in-picture\" allowfullscreen><\/iframe>\r\n\r\n<p class=\"article__text text-lg lazy-load-box\">En Europa, el sistema de Responsabilidad Ampliada del Productor requiere que los fabricantes o proveedores de bater\u00edas paguen una tarifa a un fondo estatal para garantizar el reciclaje adecuado de las bater\u00edas. Este dinero es administrado por organizaciones reguladoras sin fines de lucro, que facilitan el proceso de reciclaje al coordinar los esfuerzos de recolecci\u00f3n y reciclaje. Muchas empresas de reciclaje prefieren las bater\u00edas clasificadas en lugar de corrientes mixtas para reciclar, ya que reciclar un solo tipo de bater\u00eda cuesta cuatro veces menos que para una corriente mixta.<\/p>\r\n\r\n<p class=\"article__text text-lg lazy-load-box\">Nuestra tecnolog\u00eda, cuando se utiliza en la fase de clasificaci\u00f3n, mejorar\u00e1 la eficiencia de todo el proceso. Esto resultar\u00e1 en un mayor volumen de bater\u00edas recicladas y una disminuci\u00f3n de los costos de reciclaje, reduciendo as\u00ed los gastos en todas las etapas.<\/p>\r\n\r\n<p class=\"article__text text-lg lazy-load-box\">Adem\u00e1s, se reconoce ampliamente que la calidad de la clasificaci\u00f3n influye directamente en la calidad de la salida de la etapa de procesamiento. Diferentes tipos de bater\u00edas producen diferentes fracciones de sustancias con aplicaciones variadas. Por ejemplo, los metales pesados en los fertilizantes socavan su idoneidad para uso agr\u00edcola. De manera similar, las impurezas en los metales complican e incrementan el trabajo requerido para el procesamiento metal\u00fargico. Adem\u00e1s, es esencial considerar que una pureza de clasificaci\u00f3n m\u00e1s alta reduce significativamente el riesgo de accidentes, como explosiones e incendios en las instalaciones de reciclaje de bater\u00edas de litio.<\/p>\r\n\r\n<h2 class=\"h2 article__title lazy-load-box\">M\u00e9todos de clasificaci\u00f3n de bater\u00edas<\/h2>\r\n\r\n<p class=\"article__text text-lg lazy-load-box\">Actualmente, existen varios m\u00e9todos de clasificaci\u00f3n de bater\u00edas utilizados en todo el mundo. Estos m\u00e9todos est\u00e1n dise\u00f1ados para clasificar de manera r\u00e1pida y precisa la mezcla de bater\u00edas usadas en funci\u00f3n de su composici\u00f3n qu\u00edmica interna. Incluyen la clasificaci\u00f3n manual, la clasificaci\u00f3n \u00f3ptica, la clasificaci\u00f3n por peso y conductividad el\u00e9ctrica, y la clasificaci\u00f3n magn\u00e9tica.<\/p>\r\n\r\n<p class=\"article__text text-lg lazy-load-box\">El mercado actual ofrece una amplia variedad de bater\u00edas y acumuladores, todos los cuales se clasifican como desechos s\u00f3lidos dom\u00e9sticos peligrosos. Esto se debe a los metales pesados altamente t\u00f3xicos, como el mercurio, cadmio o plomo, en diversas concentraciones dentro de sus celdas electroqu\u00edmicas, seg\u00fan el tipo.<\/p>\r\n\r\n<p class=\"article__text text-lg lazy-load-box\">Seg\u00fan la literatura, las bater\u00edas usadas representan hasta el 40% de todas las sustancias t\u00f3xicas introducidas en el medio ambiente a trav\u00e9s de los desechos dom\u00e9sticos.<\/p>\r\n\r\n<p class=\"article__text text-lg lazy-load-box\">Ciertas bater\u00edas y acumuladores contienen concentraciones m\u00e1s altas de metales valiosos como plata, n\u00edquel, cadmio o zinc en comparaci\u00f3n con los niveles encontrados en minerales naturales.<\/p>\r\n\r\n<h2 class=\"h2 article__title lazy-load-box\">Las pilas, un problema mundial de reciclaje<\/h2>\r\n\r\n<p class=\"article__text text-lg lazy-load-box\">La producci\u00f3n de bater\u00edas y acumuladores est\u00e1 aumentando constantemente. Es crucial prevenir que los metales pesados t\u00f3xicos ingresen al medio ambiente a trav\u00e9s de los desechos dom\u00e9sticos y utilizar materias primas de las bater\u00edas o acumuladores usados en la industria metal\u00fargica. Esto hace que la recolecci\u00f3n, clasificaci\u00f3n y reciclaje de bater\u00edas y acumuladores sea un tema importante.<\/p>\r\n<img decoding=\"async\" class=\"lazy-load-box\" style=\"margin-bottom: 30px\" src=\"\/wp-content\/uploads\/2022\/09\/lv_battery_sorting_green.jpg\">\r\n\r\n<p class=\"article__text text-lg lazy-load-box\">Las naciones europeas tienen un compromiso de larga data para abordar las preocupaciones sobre el reciclaje de bater\u00edas, con tasas de recolecci\u00f3n de bater\u00edas que aumentan constantemente.<\/p>\r\n\r\n<p class=\"article__text text-lg lazy-load-box\">Cerca de la mitad (48%) de las bater\u00edas y acumuladores port\u00e1tiles vendidos en la UE se recolectaron para reciclaje en 2021. Y en los EE.UU. (2023) la industria de bater\u00edas de plomo contin\u00faa con su destacada tasa de reciclaje del 99%.<\/p>\r\n\r\n<p class=\"article__text text-lg lazy-load-box\">Seg\u00fan estimaciones del Fraunhofer ISI, se espera que la cantidad de bater\u00edas listas para reciclaje en Europa alcance las 420 kilotoneladas para 2030 (con un rango de escenarios de 200-800 kt) y 2100 kilotoneladas para 2040 (con un rango de escenarios de 1100-3300 kt).<\/p>\r\n\r\n<p class=\"article__text text-lg lazy-load-box\">La mayor\u00eda de las naciones industrializadas han establecido infraestructura para la recolecci\u00f3n separada de residuos, con puntos de recolecci\u00f3n designados para bater\u00edas usadas ubicados en \u00e1reas p\u00fablicas. En consecuencia, los contenedores de recolecci\u00f3n contienen una variedad mixta de bater\u00edas y acumuladores de desechos con diversos tipos de celdas electroqu\u00edmicas.<\/p>\r\n<p class=\"article__text text-lg lazy-load-box\">Para reciclar metales y materiales valiosos en la industria, es necesario tener una muestra de bater\u00edas con un nivel de pureza alto (m\u00e1s del 95%). Esto significa que las bater\u00edas y acumuladores antiguos recolectados en contenedores deben clasificarse seg\u00fan su composici\u00f3n qu\u00edmica.<\/p>\r\n\r\n<h2 class=\"h2 article__title lazy-load-box\">Soluci\u00f3n de clasificaci\u00f3n de LINEV Systems para bater\u00edas utilizando tecnolog\u00eda de rayos X<\/h2>\r\n\r\n<p class=\"article__text text-lg lazy-load-box\">Desde 2017, los empleados de LINEV Systems han llevado a cabo varios estudios de investigaci\u00f3n para establecer la viabilidad de utilizar la tecnolog\u00eda de rayos X para identificar y clasificar diferentes tipos de bater\u00edas usadas. Tambi\u00e9n se han centrado en seleccionar los componentes principales y los modos de operaci\u00f3n \u00f3ptimos del sistema. Utilizando la estructura interna de las bater\u00edas, cada tipo espec\u00edfico presenta \u00e1reas distintivas que pueden ser detectadas autom\u00e1ticamente a trav\u00e9s de los rayos X. <\/p>\r\n\r\n<p class=\"article__text text-lg lazy-load-box\">\u00bfQu\u00e9 hace \u00fanica y ventajosa a la tecnolog\u00eda de rayos X? Nuestra tecnolog\u00eda tiene la capacidad de ver a trav\u00e9s de las bater\u00edas, resolviendo el problema de identificar bater\u00edas incluso en casos donde faltan etiquetas, las marcas est\u00e1n oscurecidas o hay \u00f3xido.<\/p>\r\n\r\n<p class=\"article__text text-lg lazy-load-box\">Adem\u00e1s, el mercado global a menudo se enfrenta al problema de las bater\u00edas falsificadas producidas por fabricantes deshonestos, donde la composici\u00f3n de la bater\u00eda debe coincidir con lo que se indica en la etiqueta. Ni el ojo humano ni ning\u00fan sistema \u00f3ptico pueden detectar esta discrepancia, lo que podr\u00eda llevar a errores de clasificaci\u00f3n con consecuencias adversas. En contraste, la tecnolog\u00eda de rayos X no depende de la etiqueta. Si el algoritmo de reconocimiento determina que una bater\u00eda est\u00e1 basada en NiCd, no la colocar\u00e1 en el grupo con hidruro met\u00e1lico, independientemente de las marcas. \r\nPara garantizar una categorizaci\u00f3n precisa de bater\u00edas y acumuladores, hemos desarrollado un proceso para identificar y clasificar sus caracter\u00edsticas en im\u00e1genes de rayos X. Adem\u00e1s, se han creado algoritmos especiales para reconocer y clasificar todas las bater\u00edas cil\u00edndricas dom\u00e9sticas de tama\u00f1os est\u00e1ndar en cinco tipos diferentes. \r\n<\/p>\r\n\r\n<div class=\"caption\">\r\n<img decoding=\"async\" class=\"lazy-load-box\" style=\"margin-bottom: 30px\" src=\"\/wp-content\/uploads\/2022\/09\/lv_battery_sorting_banner.jpg\">\r\n<\/div>\r\n\r\n<p class=\"article__text text-lg lazy-load-box\">El proceso de clasificaci\u00f3n es completamente automatizado, eliminando cualquier influencia potencial de error humano y eliminando la necesidad de mano de obra manual en un proceso que puede ser perjudicial y peligroso para la salud.<\/p>\r\n\r\n<p class=\"article__text text-lg lazy-load-box\">La integraci\u00f3n de un dise\u00f1o de sistema de transportador con un algoritmo avanzado para el reconocimiento de bater\u00edas utilizando visi\u00f3n artificial e inteligencia artificial, permite la clasificaci\u00f3n r\u00e1pida y altamente precisa de las bater\u00edas. La precisi\u00f3n de la clasificaci\u00f3n para los tipos m\u00e1s com\u00fanmente utilizados, alcalinas y salinas, supera el 99%.<\/p>\r\n\r\n<p class=\"article__text text-lg lazy-load-box\">La lista de clasificaci\u00f3n est\u00e1ndar comprende tipos y tama\u00f1os com\u00fanmente utilizados de bater\u00edas, como Zinc-carbono (sal), alcalinas, n\u00edquel-metal hidruro, n\u00edquel-cadmio y litio. Sin embargo, los usuarios tienen la flexibilidad de incorporar sus propios tama\u00f1os est\u00e1ndar utilizando el m\u00f3dulo de autoaprendizaje del sistema.<\/p>\r\n\r\n<h2 class=\"h2 article__title lazy-load-box\">BATTERAY \u2014 Innovaci\u00f3n en Acci\u00f3n<\/h2>\r\n\r\n<p class=\"article__text text-lg lazy-load-box\">En nuestra opini\u00f3n, la soluci\u00f3n comercial de nuestro producto, el sistema BATTERAY, cuenta con las siguientes ventajas clave:\r\n<ul class=\"article__list lazy-load-box\">\r\n<li>La tolva de alimentaci\u00f3n de bater\u00edas se puede personalizar para acomodar diferentes tama\u00f1os basados en la capacidad de procesamiento de la l\u00ednea en la instalaci\u00f3n. De manera similar, el transportador de clasificaci\u00f3n se puede ajustar para adaptarse al n\u00famero necesario de tipos de bater\u00edas.<\/li>\r\n<li>Hemos desarrollado un sistema de transportador dedicado para eliminar peque\u00f1os desechos, asegurando que solo se escaneen bater\u00edas individuales limpias. Este proceso elimina cualquier peque\u00f1o residuo, polvo de electr\u00f3lito, fragmentos de bater\u00eda y peque\u00f1as bater\u00edas de bot\u00f3n, lo que resulta en una clasificaci\u00f3n precisa y fracciones de sustancias m\u00e1s limpias.<\/li>\r\n<li>Los operadores est\u00e1n completamente protegidos de los riesgos potenciales de la radiaci\u00f3n ionizante, ya que el sistema est\u00e1 dise\u00f1ado seg\u00fan los est\u00e1ndares de seguridad europeos, eliminando cualquier preocupaci\u00f3n sobre la exposici\u00f3n a la radiaci\u00f3n.<\/li>\r\n<li>Nuestro sistema est\u00e1 equipado para operar de manera efectiva en condiciones clim\u00e1ticas desafiantes, incluidos ambientes calurosos y h\u00famedos en varios pa\u00edses.<\/li>\r\n<\/ul>\r\n\r\n<p class=\"article__text text-lg lazy-load-box\">La aplicaci\u00f3n de la tecnolog\u00eda de rayos X en la prueba de bater\u00edas se extiende m\u00e1s all\u00e1 de la clasificaci\u00f3n de bater\u00edas port\u00e1tiles. Con la creciente producci\u00f3n de bater\u00edas para veh\u00edculos el\u00e9ctricos, nuestra tecnolog\u00eda agiliza el proceso de control de calidad del producto, mejorando su fiabilidad.\r\nEstamos preparados para enfrentar nuevos desaf\u00edos y tareas en la producci\u00f3n y procesamiento de bater\u00edas como equipo.\r\n<\/p>\r\n\r\n<p class=\"article__text text-lg lazy-load-box\">Nuestro sistema est\u00e1 listo para nuevos desaf\u00edos desconocidos en el campo del procesamiento de bater\u00edas.<\/p>\r\n\r\n\r\n<\/div>\r\n<div class=\"article\"><div class=\"article__inner\">\r\n<div class=\"sl-related__wrap full-wrap\">\n                <div class=\"container\">\n                    <div class=\"animate-box lazy-load-box\" data-delay=\"0\" data-speed=\"300\"><h2 class=\"h2 sl-related__title heading-decor\"><span class=\"decor-item\">Productos relacionados:<\/span><\/h2><div class=\"sl-related sl-progress sl-prod-list-1\">\n                    <div class=\"wrap cursor inited-not\">\n                        <div class=\"slider\">\n                    <div class=\"slide\">\n                        <div class=\"inner\">\n                            <div class=\"div featured-card\">\n                                <div class=\"featured-card__pic-wrap\">\n                                    <div class=\"featured-card__pic\"><img decoding=\"async\" src=\"https:\/\/www.linevsystems.com\/wp-content\/uploads\/2022\/08\/batteray_preview-340x200.jpg\" alt=\"BATTERAY SORTING LINEV SYSTEMS\"><\/div><div class=\"featured-card__flags-body\">\n                                <div class=\"flags\">\n                            <a class=\"hover-message\" href=\"#\">\n                                    <img decoding=\"async\" class=\"featured-card__flags-img\" src=\"https:\/\/www.linevsystems.com\/wp-content\/themes\/html_dev\/local\/templates\/.default\/img\/tmp\/news-list-flag-01.svg\" alt=\"usa\">\n                                    <div class=\"hover-messageText\">Producto disponible en LINEV Systems US<\/div>\n                            <\/a>\n                        \n                            <a class=\"hover-message\" href=\"#\">\n                                    <img decoding=\"async\" class=\"featured-card__flags-img\" src=\"https:\/\/www.linevsystems.com\/wp-content\/themes\/html_dev\/local\/templates\/.default\/img\/tmp\/news-list-flag-02.svg\" alt=\"uk\">\n                                    <div class=\"hover-messageText\">Producto disponible en LINEV Systems UK<\/div>\n                            <\/a>\n                        \n                            <a class=\"hover-message\" href=\"#\">\n                                    <img decoding=\"async\" class=\"featured-card__flags-img\" src=\"https:\/\/www.linevsystems.com\/wp-content\/themes\/html_dev\/local\/templates\/.default\/img\/tmp\/sl-prod-list-flag-03.svg\" alt=\"uae\">\n                                    <div class=\"hover-messageText\">Producto disponible en LINEV Systems EAU<\/div>\n                            <\/a>\n                        \n                            <a class=\"hover-message\" href=\"#\">\n                                    <img decoding=\"async\" class=\"featured-card__flags-img\" src=\"https:\/\/www.linevsystems.com\/wp-content\/themes\/html_dev\/local\/templates\/.default\/img\/tmp\/news-list-flag-03.svg\" alt=\"lit\">\n                                    <div class=\"hover-messageText\">Producto disponible en LINEV Systems Lituania<\/div>\n                            <\/a>\n                         <\/div>\n                        <\/div>\n                    <\/div>\n                        <div class=\"featured-card__desc-wrap\">\n                            <div class=\"featured-card__desc\">\n                                <div class=\"featured-card__tag-wrap\">\n                                    <\/div><a class=\"featured-card__title\" href=\"https:\/\/www.linevsystems.com\/es\/products\/radiografia-end\/batteray\/\">BATTERAY &middot; Clasificaci\u00f3n autom\u00e1tica de bater\u00edas de seis canales<i class=\"icon\"><\/i><\/a>\n                <p class=\"featured-card__text\">Las pilas usadas pueden clasificarse en 6 grupos qu\u00edmicos diferentes<\/p><\/div><\/div><\/div><\/div><\/div><\/div>\n                    <div class=\"js-sl-pager sl-pager sl-pager--blue\"><\/div>\n                    <div class=\"sl-nav-3\"><a class=\"prev\" href=\"#\"><\/a><a class=\"next\" href=\"#\"><\/a><\/div>\n                    <\/div>\n                    <\/div><\/div><\/div><\/div>\r\n<\/div><\/div>\r\n<\/div>\r\n<\/div>\r\n","protected":false},"excerpt":{"rendered":"\ufeff Responsabilidad global La eliminaci\u00f3n y reciclaje de las pilas port\u00e1tiles usadas se ha convertido en un problema global a medida que aumenta el consumo de bater\u00edas. Existe un enfoque creciente en la recolecci\u00f3n, almacenamiento, clasificaci\u00f3n y desarrollo de m\u00e9todos de reciclaje adecuados para minimizar la cantidad de desechos y prevenir que sustancias da\u00f1inas ingresen [&hellip;]","protected":false},"author":1,"featured_media":20297,"parent":19873,"menu_order":12,"comment_status":"closed","ping_status":"closed","template":"page-technologies-detail.php","meta":{"_acf_changed":false,"footnotes":""},"class_list":["post-20294","page","type-page","status-publish","has-post-thumbnail","hentry"],"acf":[],"aioseo_notices":[],"_links":{"self":[{"href":"https:\/\/www.linevsystems.com\/es\/wp-json\/wp\/v2\/pages\/20294","targetHints":{"allow":["GET"]}}],"collection":[{"href":"https:\/\/www.linevsystems.com\/es\/wp-json\/wp\/v2\/pages"}],"about":[{"href":"https:\/\/www.linevsystems.com\/es\/wp-json\/wp\/v2\/types\/page"}],"author":[{"embeddable":true,"href":"https:\/\/www.linevsystems.com\/es\/wp-json\/wp\/v2\/users\/1"}],"replies":[{"embeddable":true,"href":"https:\/\/www.linevsystems.com\/es\/wp-json\/wp\/v2\/comments?post=20294"}],"version-history":[{"count":2,"href":"https:\/\/www.linevsystems.com\/es\/wp-json\/wp\/v2\/pages\/20294\/revisions"}],"predecessor-version":[{"id":20298,"href":"https:\/\/www.linevsystems.com\/es\/wp-json\/wp\/v2\/pages\/20294\/revisions\/20298"}],"up":[{"embeddable":true,"href":"https:\/\/www.linevsystems.com\/es\/wp-json\/wp\/v2\/pages\/19873"}],"wp:featuredmedia":[{"embeddable":true,"href":"https:\/\/www.linevsystems.com\/es\/wp-json\/wp\/v2\/media\/20297"}],"wp:attachment":[{"href":"https:\/\/www.linevsystems.com\/es\/wp-json\/wp\/v2\/media?parent=20294"}],"curies":[{"name":"wp","href":"https:\/\/api.w.org\/{rel}","templated":true}]}}