{"id":20288,"date":"2025-03-18T02:15:31","date_gmt":"2025-03-18T06:15:31","guid":{"rendered":"https:\/\/linevsystems-test.com\/tecnologias\/radiografia-forense-de-cuerpo-entero\/"},"modified":"2025-04-25T13:14:45","modified_gmt":"2025-04-25T17:14:45","slug":"radiografia-forense-de-cuerpo-entero","status":"publish","type":"page","link":"https:\/\/www.linevsystems.com\/es\/tecnologias\/radiografia-forense-de-cuerpo-entero\/","title":{"rendered":"Radiograf\u00eda forense de cuerpo entero"},"content":{"rendered":"<div class=\"article\">\r\n    <div class=\"article__inner\">\r\n\r\n<h2 class=\"h2 article__title lazy-load-box\">Visi\u00f3n general de rayos X forenses<\/h2>\r\n<p class=\"article__text text-lg lazy-load-box\">En 2019, LINEV Systems introdujo en el mercado el esc\u00e1ner corporal forense FOBOS XR, que es una soluci\u00f3n t\u00e9cnica \u00fanica para pat\u00f3logos forenses basada en la tecnolog\u00eda patentada de escaneo de rayos X.<\/p>\r\n<p class=\"article__text text-lg lazy-load-box\">El esc\u00e1ner permite a los especialistas utilizar el m\u00e9todo de autopsia no invasiva y el examen del cuerpo humano, incluyendo los \u00f3rganos internos, y decidir si es necesario diseccionar el cuerpo en cada caso, as\u00ed como determinar la causa de la muerte.<\/p>\r\n\r\n<iframe loading=\"lazy\" width=\"100%\" height=\"620\" src=\"https:\/\/www.youtube.com\/embed\/EeO7PCERiQ4\" title=\"LINEV Systems | FOBOS XR - Forensic Body Scanner\" frameborder=\"0\" allow=\"accelerometer; autoplay; clipboard-write; encrypted-media; gyroscope; picture-in-picture\" allowfullscreen><\/iframe>\r\n\r\n<p class=\"article__text text-lg lazy-load-box\">FOBOS XR es un sistema de radiolog\u00eda digital forense diagn\u00f3stico estacionario. El sistema est\u00e1 dise\u00f1ado para adquirir im\u00e1genes de rayos X digitales de todo el cuerpo de estructuras \u00f3seas y tejidos blandos. El sistema de rayos X forense permite capturar escaneos AP y laterales. FOBOS es un sistema orientado a tareas dise\u00f1ado para ser utilizado en morgues y centros forenses.<\/p>\r\n\r\n<h2 class=\"h2 article__title lazy-load-box\">FOBOS XR es una soluci\u00f3n t\u00e9cnica \u00fanica para pat\u00f3logos forenses<\/h2>\r\n\r\n<p class=\"article__text text-lg lazy-load-box\">El esc\u00e1ner corporal forense FOBOS XR es una herramienta conveniente, con su ayuda un pat\u00f3logo forense puede determinar indirectamente la causa de la muerte, si fue violenta o no, as\u00ed como concluir si es necesaria una autopsia f\u00edsica.<\/p>\r\n<p class=\"article__text text-lg lazy-load-box\">FOBOS XR proporciona una vista de todo el cuerpo en cualquier \u00e1ngulo en el rango de 0 a 90 grados en un tiempo de escaneo de solo 13 segundos. El sistema de rayos X forense proporciona calidad de imagen diagn\u00f3stica con alta resoluci\u00f3n espacial, una calidad de imagen que no tiene equivalente entre los competidores.<\/p>\r\n\r\n        <img decoding=\"async\" class=\"lazy-load-box\" style=\"margin-bottom: 30px\" src=\"\/wp-content\/uploads\/2022\/09\/ls_fobos_full_01.jpg\">\r\n\r\n        <div class=\"article__benefits-slider\">\r\n            <!--include ..\/..\/..\/..\/components\/block\/featured-card\/index-->\r\n<!--            <script>-->\r\n<!--              !function () {-->\r\n<!--                'use strict';-->\r\n<!---->\r\n<!--                $(function () {-->\r\n<!--                  var block = $('.sl-benefits-photos');-->\r\n<!--                  if (!block.length) {-->\r\n<!--                    return false;-->\r\n<!--                  }-->\r\n<!---->\r\n<!--                  \/\/var images = [];-->\r\n<!--                  var inlineItems =[];-->\r\n<!--                  $('.sl-benefits-photos .sl-benefits__popup').each(function (){-->\r\n<!--                    \/\/var src = $(this).attr('src');-->\r\n<!--                    \/\/images.push({src: src });-->\r\n<!--                    inlineItems.push({src:$(this), type:'inline'});-->\r\n<!--                  });-->\r\n<!---->\r\n<!---->\r\n<!---->\r\n<!--                  $('.sl-benefits .slide').off('click.sl-benefits .slide').on('click.sl-benefits .slide', function () {-->\r\n<!--                    var index = $(this).data('index');-->\r\n<!---->\r\n<!--                    $.magnificPopup.open({-->\r\n<!--                      items: inlineItems,-->\r\n<!--                      \/\/items: images,-->\r\n<!--                      \/\/type: 'inline',-->\r\n<!--                      gallery: {-->\r\n<!--                        enabled: true,-->\r\n<!--                      },-->\r\n<!--                    }, index);-->\r\n<!--                  });-->\r\n<!--                });-->\r\n<!--              }();-->\r\n<!--            <\/script>-->\r\n            <div class=\"sl-benefits sl-progress\">\r\n                <div class=\"wrap cursor inited-not\">\r\n                    <div class=\"slider\">\r\n                        <div class=\"slide\" data-index=\"0\">\r\n                            <div class=\"inner\">\r\n                                <div class=\"slide-pic\"><img decoding=\"async\" src=\"\/wp-content\/uploads\/2022\/09\/fobos_xr.jpg\" alt=\"pic\"><\/div>\r\n                            <\/div>\r\n                        <\/div>\r\n                        <div class=\"slide\" data-index=\"1\">\r\n                            <div class=\"inner\">\r\n                                <div class=\"slide-pic\"><img decoding=\"async\" src=\"\/wp-content\/uploads\/2022\/09\/x_ray_image_2.jpg\" alt=\"pic\"><\/div>\r\n                            <\/div>\r\n                        <\/div>\r\n                        <div class=\"slide\" data-index=\"2\">\r\n                            <div class=\"inner\">\r\n                                <div class=\"slide-pic\"><img decoding=\"async\" src=\"\/wp-content\/uploads\/2022\/09\/x_ray_3_prev.jpg\" alt=\"pic\"><\/div>\r\n                            <\/div>\r\n                        <\/div>\r\n                    <\/div>\r\n                    <div class=\"js-sl-pager sl-pager sl-pager--blue\"><\/div>\r\n                    <div class=\"sl-nav-3\"><a class=\"prev\" href=\"#\"><\/a><a class=\"next\" href=\"#\"><\/a><\/div>\r\n                <\/div>\r\n            <\/div>\r\n            <div class=\"sl-benefits-photos mfp-hide\">\r\n                <div class=\"sl-benefits__popup\">\r\n                    <button class=\"sl-benefits__close\" type=\"button\" onClick=\"$.magnificPopup.close();\">\r\n                        <div class=\"svg-close-icon--white\"><\/div>\r\n                    <\/button><img decoding=\"async\" src=\"https:\/\/www.linevsystems.com\/wp-content\/uploads\/2022\/09\/fobos_xr_full.jpg\" alt=\"photo\">\r\n                <\/div>\r\n                <div class=\"sl-benefits__popup\">\r\n                    <button class=\"sl-benefits__close\" type=\"button\" onClick=\"$.magnificPopup.close();\">\r\n                        <div class=\"svg-close-icon--white\"><\/div>\r\n                    <\/button><img decoding=\"async\" src=\"https:\/\/new.linevsystems.com\/wp-content\/uploads\/2022\/09\/fobos_xr_full_2.jpg\" alt=\"photo\">\r\n                <\/div>\r\n                <div class=\"sl-benefits__popup\">\r\n                    <button class=\"sl-benefits__close\" type=\"button\" onClick=\"$.magnificPopup.close();\">\r\n                        <div class=\"svg-close-icon--white\"><\/div>\r\n                    <\/button><img decoding=\"async\" src=\"https:\/\/new.linevsystems.com\/wp-content\/uploads\/2022\/09\/x_ray_3_full.jpg\" alt=\"photo\">\r\n                <\/div>\r\n            <\/div>\r\n        <\/div>\r\n\r\n\r\n        <h2 class=\"h2 article__title lazy-load-box\">Im\u00e1genes radiogr\u00e1ficas de alta resoluci\u00f3n<\/h2>\r\n        <p class=\"article__text text-lg lazy-load-box\">FOBOS XR puede proporcionar im\u00e1genes de muy alta resoluci\u00f3n que muestran inclusiones de hasta 0,1 mm y cambios en la estructura de tejidos y huesos. Toda esta informaci\u00f3n permite al m\u00e9dico formarse una imagen a la hora de establecer un diagn\u00f3stico \u00f3ptimo, hasta el rechazo del procedimiento tradicional de autopsia f\u00edsica.<\/p>\r\n        <p class=\"article__text text-lg lazy-load-box\">El sistema forense de rayos X dispone de una mesa elevadora recargable con una capacidad de carga de hasta 350 kg y una plataforma regulable en altura para facilitar la carga de cad\u00e1veres en ella y su traslado al esc\u00e1ner. La vista del esc\u00e1ner se proporciona en cualquier \u00e1ngulo &amp;mdash; de 0 a 90 grados.<\/p>\r\n        <p class=\"article__text text-lg lazy-load-box\">El pat\u00f3logo forense siempre tiene acceso a la base de datos guardada por el sistema, por apellido, fecha y\/o una serie de im\u00e1genes vinculadas para volver a ellas en cualquier momento si es necesario y editarlas, a\u00f1adir im\u00e1genes desde un \u00e1ngulo diferente, etc.<\/p>\r\n\r\n<h4 class=\"h4 article__subtitle lazy-load-box\">Caracter\u00edsticas clave y beneficios de la imagen de rayos X forense de cuerpo completo<\/h4>\r\n<ul class=\"article__list lazy-load-box\">\r\n    <li>Adquisici\u00f3n autom\u00e1tica de im\u00e1genes de cuerpo completo sin mover o tocar el cuerpo<\/li>\r\n    <li>Unidades motorizadas Cabina de protecci\u00f3n contra la radiaci\u00f3n Vistas oblicuas &#8211; Escaneo AP (0%) y Escaneo lateral (90%)<\/li>\r\n    <li>Imagen de rayos X extremadamente alta: la resoluci\u00f3n de la imagen es de 2,5 pares de l\u00edneas por mm.<\/li>\r\n    <li>Gran capacidad de penetraci\u00f3n en cuerpos (hasta 550 lbs).<\/li>\r\n    <li>Bajos costos de mantenimiento<\/li>\r\n    <li>La adquisici\u00f3n autom\u00e1tica de im\u00e1genes de cuerpo completo reduce el tiempo hasta en un 80%.<\/li>\r\n    <li>La mejor resoluci\u00f3n proporciona ex\u00e1menes m\u00e1s r\u00e1pidos y precisos.<\/li>\r\n    <li>No m\u00e1s readaptaci\u00f3n del cuerpo con un rango de escaneo de m\u00faltiples \u00e1ngulos<\/li>\r\n    <li>El dise\u00f1o patentado del obturador permite un mayor n\u00famero de exposiciones, reduce los costos de servicios.<\/li>\r\n<\/ul>\r\n\r\n<h2 class=\"h2 article__title lazy-load-box\">Respuesta r\u00e1pida en condiciones estrictas<\/h2>\r\n<p class=\"article__text text-lg lazy-load-box\">El sistema de rayos X forense ocupa un espacio m\u00ednimo y ahorra tiempo al pat\u00f3logo forense, lo que permite obtener r\u00e1pidamente una imagen y realizar un examen inicial.<\/p>\r\n<p class=\"article__text text-lg lazy-load-box\">Debe tenerse en cuenta una ventaja de FOBOS, y es que la alta velocidad del sistema y la capacidad de escaneo continuo aumentan la eficiencia y reducen dr\u00e1sticamente el tiempo para realizar una autopsia. En caso de un incidente con m\u00faltiples v\u00edctimas, esto puede permitir una respuesta r\u00e1pida y precisa a la situaci\u00f3n.<\/p>\r\n        <div class=\"article\"><div class=\"article__inner\">\r\n                <div class=\"sl-related__wrap full-wrap\">\n                <div class=\"container\">\n                    <div class=\"animate-box lazy-load-box\" data-delay=\"0\" data-speed=\"300\"><h2 class=\"h2 sl-related__title heading-decor\"><span class=\"decor-item\">Productos relacionados<\/span><\/h2><div class=\"sl-related sl-progress sl-prod-list-1\">\n                    <div class=\"wrap cursor inited-not\">\n                        <div class=\"slider\">\n                    <div class=\"slide\">\n                        <div class=\"inner\">\n                            <div class=\"div featured-card\">\n                                <div class=\"featured-card__pic-wrap\">\n                                    <div class=\"featured-card__pic\"><img decoding=\"async\" src=\"https:\/\/www.linevsystems.com\/wp-content\/uploads\/2023\/09\/ls-fobos-xr-01-340x200.jpg\" alt=\"FOBOS XR &middot; Sistema de radiograf\u00eda forense de cuerpo entero\"><\/div><div class=\"featured-card__flags-body\">\n                                <div class=\"flags\">\n                            <a class=\"hover-message\" href=\"#\">\n                                    <img decoding=\"async\" class=\"featured-card__flags-img\" src=\"https:\/\/www.linevsystems.com\/wp-content\/themes\/html_dev\/local\/templates\/.default\/img\/tmp\/news-list-flag-01.svg\" alt=\"usa\">\n                                    <div class=\"hover-messageText\">Producto disponible en LINEV Systems US<\/div>\n                            <\/a>\n                        \n                            <a class=\"hover-message\" href=\"#\">\n                                    <img decoding=\"async\" class=\"featured-card__flags-img\" src=\"https:\/\/www.linevsystems.com\/wp-content\/themes\/html_dev\/local\/templates\/.default\/img\/tmp\/news-list-flag-02.svg\" alt=\"uk\">\n                                    <div class=\"hover-messageText\">Producto disponible en LINEV Systems UK<\/div>\n                            <\/a>\n                        \n                            <a class=\"hover-message\" href=\"#\">\n                                    <img decoding=\"async\" class=\"featured-card__flags-img\" src=\"https:\/\/www.linevsystems.com\/wp-content\/themes\/html_dev\/local\/templates\/.default\/img\/tmp\/sl-prod-list-flag-03.svg\" alt=\"uae\">\n                                    <div class=\"hover-messageText\">Producto disponible en LINEV Systems EAU<\/div>\n                            <\/a>\n                         <\/div>\n                        <\/div>\n                    <\/div>\n                        <div class=\"featured-card__desc-wrap\">\n                            <div class=\"featured-card__desc\">\n                                <div class=\"featured-card__tag-wrap\">\n                                    <\/div><a class=\"featured-card__title\" href=\"https:\/\/www.linevsystems.com\/es\/products\/sistemas-de-rayos-x-especializados\/soluciones-escaneo-forense-rayos-x\/fobos-xr\/\">FOBOS XR &middot; Sistema de radiograf\u00eda forense de cuerpo entero<i class=\"icon\"><\/i><\/a>\n                <p class=\"featured-card__text\">La soluci\u00f3n perfecta de radiograf\u00eda forense para tanatorios, forenses y centros forenses<\/p><\/div><\/div><\/div><\/div><\/div><\/div>\n                    <div class=\"js-sl-pager sl-pager sl-pager--blue\"><\/div>\n                    <div class=\"sl-nav-3\"><a class=\"prev\" href=\"#\"><\/a><a class=\"next\" href=\"#\"><\/a><\/div>\n                    <\/div>\n                    <\/div><\/div><\/div><\/div>\r\n            <\/div><\/div>\r\n    <\/div>\r\n<\/div>\r\n\r\n\r\n","protected":false},"excerpt":{"rendered":"Visi\u00f3n general de rayos X forenses En 2019, LINEV Systems introdujo en el mercado el esc\u00e1ner corporal forense FOBOS XR, que es una soluci\u00f3n t\u00e9cnica \u00fanica para pat\u00f3logos forenses basada en la tecnolog\u00eda patentada de escaneo de rayos X. El esc\u00e1ner permite a los especialistas utilizar el m\u00e9todo de autopsia no invasiva y el examen [&hellip;]","protected":false},"author":1,"featured_media":20290,"parent":19873,"menu_order":11,"comment_status":"closed","ping_status":"closed","template":"","meta":{"_acf_changed":false,"footnotes":""},"class_list":["post-20288","page","type-page","status-publish","has-post-thumbnail","hentry"],"acf":[],"aioseo_notices":[],"_links":{"self":[{"href":"https:\/\/www.linevsystems.com\/es\/wp-json\/wp\/v2\/pages\/20288","targetHints":{"allow":["GET"]}}],"collection":[{"href":"https:\/\/www.linevsystems.com\/es\/wp-json\/wp\/v2\/pages"}],"about":[{"href":"https:\/\/www.linevsystems.com\/es\/wp-json\/wp\/v2\/types\/page"}],"author":[{"embeddable":true,"href":"https:\/\/www.linevsystems.com\/es\/wp-json\/wp\/v2\/users\/1"}],"replies":[{"embeddable":true,"href":"https:\/\/www.linevsystems.com\/es\/wp-json\/wp\/v2\/comments?post=20288"}],"version-history":[{"count":2,"href":"https:\/\/www.linevsystems.com\/es\/wp-json\/wp\/v2\/pages\/20288\/revisions"}],"predecessor-version":[{"id":20292,"href":"https:\/\/www.linevsystems.com\/es\/wp-json\/wp\/v2\/pages\/20288\/revisions\/20292"}],"up":[{"embeddable":true,"href":"https:\/\/www.linevsystems.com\/es\/wp-json\/wp\/v2\/pages\/19873"}],"wp:featuredmedia":[{"embeddable":true,"href":"https:\/\/www.linevsystems.com\/es\/wp-json\/wp\/v2\/media\/20290"}],"wp:attachment":[{"href":"https:\/\/www.linevsystems.com\/es\/wp-json\/wp\/v2\/media?parent=20288"}],"curies":[{"name":"wp","href":"https:\/\/api.w.org\/{rel}","templated":true}]}}