{"id":20282,"date":"2025-03-18T02:06:07","date_gmt":"2025-03-18T06:06:07","guid":{"rendered":"https:\/\/linevsystems-test.com\/tecnologias\/escaner-de-rayos-x-de-la-celda-y-el-colchon-de-la-prision\/"},"modified":"2025-04-25T13:10:48","modified_gmt":"2025-04-25T17:10:48","slug":"escaner-de-rayos-x-de-la-celda-y-el-colchon-de-la-prision","status":"publish","type":"page","link":"https:\/\/www.linevsystems.com\/es\/tecnologias\/escaner-de-rayos-x-de-la-celda-y-el-colchon-de-la-prision\/","title":{"rendered":"Esc\u00e1ner de rayos X de la celda y el colch\u00f3n de la prisi\u00f3n"},"content":{"rendered":"<div class=\"article\">\r\n<div class=\"article__inner\">\r\n<h2 class=\"h2 article__title lazy-load-box\" style=\"margin-top: 30px\">Inspecci\u00f3n de celdas de prisi\u00f3n y m\u00e1quinas de colchones<\/h2>\r\n<p class=\"article__text text-lg lazy-load-box\">En respuesta a las apelaciones de las autoridades de seguridad en prisiones y c\u00e1rceles de EE. UU. que buscan una herramienta eficiente para descubrir contrabando oculto dentro de los colchones, LINEV Systems desarroll\u00f3 una soluci\u00f3n centrada en las necesidades del cliente.<\/p>\r\n\r\n<p class=\"article__text text-lg lazy-load-box\">La compa\u00f1\u00eda introdujo un dispositivo distintivo, port\u00e1til y excepcionalmente adaptable al mercado. Este sistema pionero represent\u00f3 el primero de su tipo dise\u00f1ado expl\u00edcitamente para abordar el desaf\u00edo del contrabando en los sistemas de detenci\u00f3n. Est\u00e1 dise\u00f1ado para eliminar la necesidad de doblar los colchones para que quepan en los sistemas de inspecci\u00f3n de rayos X convencionales, lo que simplifica y acelera las inspecciones mientras mejora las tasas de detecci\u00f3n.<\/p>\r\n\r\n<div class=\"caption left\">\r\n<img decoding=\"async\" class=\"lazy-load-box\" style=\"margin-bottom: 30px\" src=\"\/wp-content\/uploads\/2022\/09\/lv_bv_max_model.jpg\">\r\n<\/div>\r\n<p class=\"article__text text-lg lazy-load-box\">El BV M.A.X. es una unidad de rayos X de tipo transportador m\u00f3vil compacta dise\u00f1ada para la inspecci\u00f3n r\u00e1pida, eficiente y sin contacto de colchones y propiedades personales de los reclusos. Su dise\u00f1o compacto y ruedas especiales lo hacen f\u00e1cilmente reubicable y desplegable en cualquier lugar donde se requieran inspecciones de seguridad, y puede pasar por la mayor\u00eda de las puertas interiores est\u00e1ndar con facilidad.<\/p>\r\n\r\n<p class=\"article__text text-lg lazy-load-box\">El BV M.A.X. tambi\u00e9n incluye funcionalidad completa de esc\u00e1ner de equipaje y es capaz de inspeccionar colchones, correo y propiedades personales. Con la creciente amenaza del terrorismo, la capacidad de realizar escaneos de rayos X de colchones para identificar objetos o sustancias potencialmente peligrosas se ha vuelto crucial. Esta tecnolog\u00eda de seguridad tiene diversas aplicaciones, incluyendo la prevenci\u00f3n del contrabando de drogas, piedras preciosas y metales. Tambi\u00e9n juega un papel clave en la provisi\u00f3n de seguridad en aeropuertos, bancos, embajadas, centrales nucleares, prisiones y otros lugares de alto riesgo. La examinaci\u00f3n de equipaje con rayos X es actualmente la forma m\u00e1s efectiva de asegurar la seguridad de los vuelos en aeropuertos. Adem\u00e1s, la examinaci\u00f3n con rayos X se utiliza en prisiones y c\u00e1rceles para el control de acceso de visitantes.<\/p>\r\n\r\n<p class=\"article__text text-lg lazy-load-box\">Sin embargo, los colchones de los reclusos en prisi\u00f3n a\u00fan se revisan y buscan regularmente armas y sustancias ilegales a trav\u00e9s de inspecciones manuales. Los reclusos deben desalojar sus celdas, y los guardias buscan manualmente las instalaciones, con un enfoque particular en inspeccionar los colchones, ya que a menudo son una ubicaci\u00f3n principal para ocultar armas o drogas. En algunas instalaciones, se instruye a los reclusos para que traigan sus colchones enrollados a un \u00e1rea designada para inspecci\u00f3n o escaneo. Introducir un esc\u00e1ner de colchones m\u00f3vil que pueda escanear los colchones mejorar\u00eda significativamente la eficiencia de las tareas de los oficiales de prisi\u00f3n.<\/p>\r\n\r\n<h2 class=\"h2 article__title lazy-load-box\">Art\u00edculos que pueden ser inspeccionados por BV MAX \u2014 unidad m\u00f3vil de rayos X para colchones<\/h2>\r\n\r\n<ul class=\"article__list\">\r\n<li>Colchones de prisi\u00f3n;<\/li>\r\n<li>Propiedades personales.<\/li>\r\n<\/ul>\r\n\r\n<p class=\"article__text text-lg lazy-load-box\">Un problema puede surgir cuando los reclusos son transferidos de un piso a otro o reubicados rutinariamente a un bloque diferente. Estos reclusos deben traer sus colchones y todas sus pertenencias con ellos, y una vez m\u00e1s, los colchones deben ser inspeccionados.<\/p>\r\n\r\n<div class=\"caption\">\r\n<img decoding=\"async\" class=\"lazy-load-box\" style=\"margin-bottom: 30px\" src=\"\/wp-content\/uploads\/2022\/09\/lv_mb_max-1.jpg\">\r\n<p class=\"text\">Ejemplo de imagen de rayos X de BV MAX<\/p>\r\n<\/div>\r\n\r\n<h2 class=\"h2 article__title lazy-load-box\">Beneficios de BV M.A.X.<\/h2>\r\n<ul class=\"article__list\">\r\n<li>Producto compacto y m\u00f3vil;<\/li>\r\n<li>Soluci\u00f3n rentable;<\/li>\r\n<li>Inspecci\u00f3n precisa de objetos;<\/li>\r\n<li>Discriminaci\u00f3n de materiales.<\/li>\r\n<\/ul>\r\n\r\n<p class=\"article__text text-lg lazy-load-box\">El esc\u00e1ner de colchones con rayos X puede ser f\u00e1cilmente transportado a una instalaci\u00f3n, ala, piso o bloque de celdas para escanear eficientemente los colchones de los reclusos y detectar autom\u00e1ticamente cualquier arma o sustancia ilegal oculta dentro de ellos. Adem\u00e1s, la m\u00e1quina puede ser desplegada en el compartimento de procesamiento o almacenamiento de colchones para asegurar que no se transfieran art\u00edculos prohibidos, ya sea intencionalmente o no. Este enfoque tambi\u00e9n es aplicable a otras instituciones, como centros de detenci\u00f3n, centros de detenci\u00f3n y otras instalaciones donde hay un alto riesgo de contrabando y art\u00edculos ilegales.<\/p>\r\n\r\n<div class=\"caption left\">\r\n<img decoding=\"async\" class=\"lazy-load-box\" style=\"margin-bottom: 30px\" src=\"\/wp-content\/uploads\/2022\/09\/lv_bv_max_ndt.jpg\">\r\n<\/div>\r\n\r\n<h2 class=\"h2 article__title lazy-load-box\" style=\"margin-top: 0;\">Soluciones NDT centradas en el cliente<\/h2>\r\n<p class=\"article__text text-lg lazy-load-box\">Debido a la movilidad y las dimensiones del t\u00fanel vers\u00e1til de la soluci\u00f3n, la unidad m\u00f3vil de colchones con rayos X podr\u00eda ser reutilizada para otros usos, como la realizaci\u00f3n de ex\u00e1menes de detecci\u00f3n NDT (No Destructiva) de art\u00edculos planos en f\u00e1bricas u otras instalaciones industriales.<\/p>\r\n\r\n<h2 class=\"h2 article__title lazy-load-box\">Objetos adicionales que pueden ser inspeccionados por BV MAX<\/h2>\r\n<ul class=\"article__list\">\r\n<li>Partes de veh\u00edculos (puertas, etc.)<\/li>\r\n<li>Dispositivos electr\u00f3nicos (TV, monitores, laptops, etc.)<\/li>\r\n<li>Paquetes, paquetes y cartas<\/li>\r\n<li>Pinturas y objetos de arte<\/li>\r\n<li>Otros objetos planos<\/li>\r\n<\/ul>\r\n\r\n<div class=\"article\"><div class=\"article__inner\">\r\n<div class=\"sl-related__wrap full-wrap\">\n                <div class=\"container\">\n                    <div class=\"animate-box lazy-load-box\" data-delay=\"0\" data-speed=\"300\"><h2 class=\"h2 sl-related__title heading-decor\"><span class=\"decor-item\">M\u00e1quina de inspecci\u00f3n de colchones con rayos X<\/span><\/h2><div class=\"sl-related sl-progress sl-prod-list-1\">\n                    <div class=\"wrap cursor inited-not\">\n                        <div class=\"slider\">\n                    <div class=\"slide\">\n                        <div class=\"inner\">\n                            <div class=\"div featured-card\">\n                                <div class=\"featured-card__pic-wrap\">\n                                    <div class=\"featured-card__pic\"><img decoding=\"async\" src=\"https:\/\/www.linevsystems.com\/wp-content\/uploads\/2023\/09\/lv-security-bv-max-03-340x200.jpg\" alt=\"LV Security BV MAX\"><\/div><div class=\"featured-card__flags-body\">\n                                <div class=\"flags\">\n                            <a class=\"hover-message\" href=\"#\">\n                                    <img decoding=\"async\" class=\"featured-card__flags-img\" src=\"https:\/\/www.linevsystems.com\/wp-content\/themes\/html_dev\/local\/templates\/.default\/img\/tmp\/news-list-flag-01.svg\" alt=\"usa\">\n                                    <div class=\"hover-messageText\">Producto disponible en LINEV Systems US<\/div>\n                            <\/a>\n                         <\/div>\n                        <\/div>\n                    <\/div>\n                        <div class=\"featured-card__desc-wrap\">\n                            <div class=\"featured-card__desc\">\n                                <div class=\"featured-card__tag-wrap\">\n                                    <\/div><a class=\"featured-card__title\" href=\"https:\/\/www.linevsystems.com\/es\/products\/escaneres-de-seguridad-rayos-x\/inspeccion-de-equipajes-y-paquetes\/bv-m-a-x\/\">BV M.A.X. &middot; Soluci\u00f3n de seguridad para prisiones de EE.UU. con vista \u00fanica<i class=\"icon\"><\/i><\/a>\n                <p class=\"featured-card__text\">Inspecci\u00f3n de colchones de prisiones (hasta 36 \"x80 \"x6\"), objetos personales y pertenencias \u00b7 Facilidad de reubicaci\u00f3n &middot; Detecci\u00f3n de amenazas basada en IA \u00b7 Supervisi\u00f3n remota<\/p><\/div><\/div><\/div><\/div><\/div><\/div>\n                    <div class=\"js-sl-pager sl-pager sl-pager--blue\"><\/div>\n                    <div class=\"sl-nav-3\"><a class=\"prev\" href=\"#\"><\/a><a class=\"next\" href=\"#\"><\/a><\/div>\n                    <\/div>\n                    <\/div><\/div><\/div><\/div>\r\n<\/div>\r\n<\/div>\r\n<\/div>\r\n<\/div>","protected":false},"excerpt":{"rendered":"Inspecci\u00f3n de celdas de prisi\u00f3n y m\u00e1quinas de colchones En respuesta a las apelaciones de las autoridades de seguridad en prisiones y c\u00e1rceles de EE. UU. que buscan una herramienta eficiente para descubrir contrabando oculto dentro de los colchones, LINEV Systems desarroll\u00f3 una soluci\u00f3n centrada en las necesidades del cliente. La compa\u00f1\u00eda introdujo un dispositivo [&hellip;]","protected":false},"author":1,"featured_media":20284,"parent":19873,"menu_order":10,"comment_status":"closed","ping_status":"closed","template":"page-technologies-detail.php","meta":{"_acf_changed":false,"footnotes":""},"class_list":["post-20282","page","type-page","status-publish","has-post-thumbnail","hentry"],"acf":[],"aioseo_notices":[],"_links":{"self":[{"href":"https:\/\/www.linevsystems.com\/es\/wp-json\/wp\/v2\/pages\/20282","targetHints":{"allow":["GET"]}}],"collection":[{"href":"https:\/\/www.linevsystems.com\/es\/wp-json\/wp\/v2\/pages"}],"about":[{"href":"https:\/\/www.linevsystems.com\/es\/wp-json\/wp\/v2\/types\/page"}],"author":[{"embeddable":true,"href":"https:\/\/www.linevsystems.com\/es\/wp-json\/wp\/v2\/users\/1"}],"replies":[{"embeddable":true,"href":"https:\/\/www.linevsystems.com\/es\/wp-json\/wp\/v2\/comments?post=20282"}],"version-history":[{"count":2,"href":"https:\/\/www.linevsystems.com\/es\/wp-json\/wp\/v2\/pages\/20282\/revisions"}],"predecessor-version":[{"id":20287,"href":"https:\/\/www.linevsystems.com\/es\/wp-json\/wp\/v2\/pages\/20282\/revisions\/20287"}],"up":[{"embeddable":true,"href":"https:\/\/www.linevsystems.com\/es\/wp-json\/wp\/v2\/pages\/19873"}],"wp:featuredmedia":[{"embeddable":true,"href":"https:\/\/www.linevsystems.com\/es\/wp-json\/wp\/v2\/media\/20284"}],"wp:attachment":[{"href":"https:\/\/www.linevsystems.com\/es\/wp-json\/wp\/v2\/media?parent=20282"}],"curies":[{"name":"wp","href":"https:\/\/api.w.org\/{rel}","templated":true}]}}