{"id":20255,"date":"2025-03-17T10:34:44","date_gmt":"2025-03-17T14:34:44","guid":{"rendered":"https:\/\/linevsystems-test.com\/tecnologias\/drogas-ingeridas-sistemas-de-deteccion-por-rayos-x-para-prisiones\/"},"modified":"2025-03-17T10:41:27","modified_gmt":"2025-03-17T14:41:27","slug":"drogas-ingeridas-sistemas-de-deteccion-por-rayos-x-para-prisiones","status":"publish","type":"page","link":"https:\/\/www.linevsystems.com\/es\/tecnologias\/drogas-ingeridas-sistemas-de-deteccion-por-rayos-x-para-prisiones\/","title":{"rendered":"Drogas ingeridas Sistemas de detecci\u00f3n por rayos X para prisiones"},"content":{"rendered":"<div class=\"article\">\r\n<div class=\"article__inner\">\r\n<p class=\"article__text text-lg lazy-load-box\">Las prisiones se han convertido en una fuente lucrativa de ingresos para las pandillas criminales, ya que han logrado vender drogas (narc\u00f3ticos, hero\u00edna) y spice utilizando tel\u00e9fonos m\u00f3viles miniatura. Los reclusos han podido consumir o introducir drogas peligrosas sin ser detectados, ya que los oficiales de prisi\u00f3n no est\u00e1n autorizados a realizar b\u00fasquedas en las cavidades corporales. Esto ha llevado a la disrupci\u00f3n y la violencia dentro de las prisiones, con algunos reclusos sufriendo sobredosis, lo que ha obligado a los guardias a llamar a atenci\u00f3n m\u00e9dica.<\/p>\r\n\r\n<p class=\"article__text text-lg lazy-load-box\">El gobierno ha instalado <a href=\"https:\/\/www.linevsystems.com\/news\/security\/body-scanners-for-security\/\">m\u00e1quinas de esc\u00e1ner corporal de rayos X<\/a> en todas las prisiones cerradas de hombres en Inglaterra y Gales, y estas m\u00e1quinas han sido puestas en uso con resultados impresionantes. Han logrado frustrar m\u00e1s de 40,000 intentos de introducir drogas da\u00f1inas y potencialmente mortales, tel\u00e9fonos m\u00f3viles, tarjetas SIM y armas desde su instalaci\u00f3n.<\/p>\r\n\r\n<p class=\"article__text text-lg lazy-load-box\">Los esc\u00e1neres han sido incre\u00edblemente efectivos en la disrupci\u00f3n de grupos criminales organizados (OCGs) hasta el punto de que los distribuidores han ofrecido una recompensa de \u00a310,000 a cualquiera que pueda causar suficiente da\u00f1o para deshabilitar el equipo, seg\u00fan informes de los gobernadores.<\/p>\r\n\r\n<div class=\"caption\">\r\n<img decoding=\"async\" class=\"lazy-load-box\" style=\"margin-bottom: 30px\" src=\"\/wp-content\/uploads\/2022\/09\/lv_swallowed_drugs_druguard_01.jpg\">\r\n<p class=\"text\">Ejemplo de Software DRUGUARD<\/p>\r\n<\/div>\r\n\r\n<p class=\"article__text text-lg lazy-load-box\">Numerosos reclusos han sido aprehendidos mientras intentaban ingresar a la instalaci\u00f3n con narc\u00f3ticos, tabaco y otros materiales il\u00edcitos.<\/p>\r\n\r\n<p class=\"article__text text-lg lazy-load-box\">Seg\u00fan estudios recientes, al menos 12,500 ambulancias y coches de param\u00e9dicos fueron desplegados en c\u00e1rceles inglesas entre 2019 y 2020. Durante este per\u00edodo, m\u00e1s de 200 individuos perdieron la vida debido a sobredosis o apu\u00f1alamientos. Los datos m\u00e1s recientes muestran que cada llamada de ambulancia que result\u00f3 en el transporte de un paciente al hospital cost\u00f3 a NHS England un promedio de \u00a3292 en el a\u00f1o fiscal 2019\/20.<\/p>\r\n\r\n<p class=\"article__text text-lg lazy-load-box\"><b>Notas.<\/b> Desde julio de 2020, 40,000 art\u00edculos sospechosos fueron identificados por los nuevos esc\u00e1neres corporales de rayos X en las prisiones.<\/p>\r\n\r\n<h2 class=\"h2 article__title lazy-load-box\">El m\u00e9todo de detecci\u00f3n autom\u00e1tica de drogas tragadas con rayos X<\/h2>\r\n\r\n<div class=\"caption right\">\r\n<img decoding=\"async\" class=\"lazy-load-box\" style=\"margin-bottom: 30px\" src=\"\/wp-content\/uploads\/2022\/09\/lv_swallowed_drugs_druguard_03.jpg\">\r\n<p class=\"text\">Interfaz de Software de Detecci\u00f3n de Drogas Tragadas<\/p>\r\n<\/div>\r\n\r\n<ul class=\"article__list\">\r\n<li>Una t\u00e9cnica para la identificaci\u00f3n autom\u00e1tica de c\u00e1psulas tragadas en im\u00e1genes de esc\u00e1neres de rayos X, la t\u00e9cnica comprende.<\/li>\r\n<li>Capturar una imagen entrante de un individuo pasando por el esc\u00e1ner.<\/li>\r\n<li>Crear im\u00e1genes suplementarias a trav\u00e9s de transformaciones de la imagen entrante original.<\/li>\r\n<li>Producir im\u00e1genes adicionales aplicando transformaciones a la imagen entrante original.<\/li>\r\n<li>Determinar la ubicaci\u00f3n del est\u00f3mago y las \u00e1reas genitales en la regi\u00f3n superior del cuerpo de la imagen entrante y las im\u00e1genes suplementarias.<\/li>\r\n<li>Categorizar regiones segmentadas del est\u00f3mago y el \u00e1rea genital en la imagen entrante.<\/li>\r\n<li>Calcular caracter\u00edsticas geom\u00e9tricas e intensivas, as\u00ed como caracter\u00edsticas peri\u00f3dicas invariantes a la rotaci\u00f3n para ventanas ubicadas en las \u00e1reas del est\u00f3mago y genitales.<\/li>\r\n<li>Identificar \u00e1reas potenciales de inter\u00e9s en las regiones del est\u00f3mago y genitales.<\/li>\r\n<li>Determinar caracter\u00edsticas combinadas para los atributos de las ventanas identificadas.<\/li>\r\n<li>Emplear un modelo para im\u00e1genes sin c\u00e1psulas tragadas para clasificar la imagen entrante utilizando un umbral de funci\u00f3n de disimilitud.<\/li>\r\n<li>Notificar al operador que la imagen entrante contiene c\u00e1psulas tragadas si la funci\u00f3n de disimilitud para las caracter\u00edsticas combinadas de la imagen entrante es mayor o igual al umbral especificado.<\/li>\r\n<\/ul>\r\n\r\n<p class=\"article__text text-lg lazy-load-box\">DruGuard es el primer y \u00fanico software de detecci\u00f3n autom\u00e1tica disponible dise\u00f1ado para esc\u00e1neres de seguridad de cuerpo completo de rayos X de transmisi\u00f3n, lo que lo convierte en una soluci\u00f3n \u00fanica en su categor\u00eda.<\/p>\r\n\r\n<p class=\"article__text text-lg lazy-load-box\">Las capacidades de detecci\u00f3n del sistema DruGuard est\u00e1n siendo constantemente actualizadas y mejoradas. Nuestro equipo de expertos siempre est\u00e1 trabajando para mejorar el procesamiento del algoritmo y el an\u00e1lisis de im\u00e1genes para asegurar que DruGuard permanezca a la vanguardia de la tecnolog\u00eda de detecci\u00f3n de narc\u00f3ticos. Con cada actualizaci\u00f3n, nos esforzamos por hacer que DruGuard sea a\u00fan m\u00e1s efectivo en la detecci\u00f3n de narc\u00f3ticos ocultos, proporcionando a los operadores las herramientas que necesitan para localizar y abordar posibles amenazas. Nuestro compromiso con la mejora continua asegura que DruGuard siempre est\u00e9 evolucionando para enfrentar los desaf\u00edos de la detecci\u00f3n de drogas en el entorno en constante cambio de hoy.<\/p>\r\n\r\n<p class=\"article__text text-lg lazy-load-box\">Adem\u00e1s, las caracter\u00edsticas de informes permiten a los supervisores rastrear el rendimiento de los operadores individuales e identificar cualquier \u00e1rea donde se necesite capacitaci\u00f3n adicional o mejora. Este ciclo de retroalimentaci\u00f3n asegura que tanto el software como sus operadores se adapten continuamente a nuevos desaf\u00edos en la detecci\u00f3n de narc\u00f3ticos.<\/p>\r\n\r\n<p class=\"article__text text-lg lazy-load-box\">Al aprender continuamente de las entradas de los operadores y monitorear el rendimiento, DruGuard puede mejorar su capacidad para detectar im\u00e1genes sospechosas y mejorar la efectividad general en la detecci\u00f3n de narc\u00f3ticos. Este enfoque colaborativo entre el software y los operadores lleva a un sistema m\u00e1s eficiente y confiable para identificar posibles amenazas.<\/p>\r\n\r\n<div class=\"article\"><div class=\"article__inner\">\r\n<div class=\"sl-related__wrap full-wrap\">\n                <div class=\"container\">\n                    <div class=\"animate-box lazy-load-box\" data-delay=\"0\" data-speed=\"300\"><h2 class=\"h2 sl-related__title heading-decor\"><span class=\"decor-item\">Productos relacionados<\/span><\/h2><div class=\"sl-related sl-progress sl-prod-list-1\">\n                    <div class=\"wrap cursor inited-not\">\n                        <div class=\"slider\">\n                    <div class=\"slide\">\n                        <div class=\"inner\">\n                            <div class=\"div featured-card\">\n                                <div class=\"featured-card__pic-wrap\">\n                                    <div class=\"featured-card__pic\"><img decoding=\"async\" src=\"https:\/\/www.linevsystems.com\/wp-content\/uploads\/2022\/10\/lv-featured-security-druguard-1-340x200.jpg\" alt=\"LINEV Systems DRUGUARD\"><\/div><div class=\"featured-card__flags-body\">\n                                <div class=\"flags\">\n                            <a class=\"hover-message\" href=\"#\">\n                                    <img decoding=\"async\" class=\"featured-card__flags-img\" src=\"https:\/\/www.linevsystems.com\/wp-content\/themes\/html_dev\/local\/templates\/.default\/img\/tmp\/news-list-flag-01.svg\" alt=\"usa\">\n                                    <div class=\"hover-messageText\">Producto disponible en LINEV Systems US<\/div>\n                            <\/a>\n                        \n                            <a class=\"hover-message\" href=\"#\">\n                                    <img decoding=\"async\" class=\"featured-card__flags-img\" src=\"https:\/\/www.linevsystems.com\/wp-content\/themes\/html_dev\/local\/templates\/.default\/img\/tmp\/news-list-flag-02.svg\" alt=\"uk\">\n                                    <div class=\"hover-messageText\">Producto disponible en LINEV Systems UK<\/div>\n                            <\/a>\n                        \n                            <a class=\"hover-message\" href=\"#\">\n                                    <img decoding=\"async\" class=\"featured-card__flags-img\" src=\"https:\/\/www.linevsystems.com\/wp-content\/themes\/html_dev\/local\/templates\/.default\/img\/tmp\/sl-prod-list-flag-03.svg\" alt=\"uae\">\n                                    <div class=\"hover-messageText\">Producto disponible en LINEV Systems EAU<\/div>\n                            <\/a>\n                         <\/div>\n                        <\/div>\n                    <\/div>\n                        <div class=\"featured-card__desc-wrap\">\n                            <div class=\"featured-card__desc\">\n                                <div class=\"featured-card__tag-wrap\">\n                                    <\/div><a class=\"featured-card__title\" href=\"https:\/\/www.linevsystems.com\/es\/products\/escaneres-de-seguridad-rayos-x\/software-de-asistencia\/druguard\/\">DRUGUARD<i class=\"icon\"><\/i><\/a>\n                <p class=\"featured-card__text\">Software automatizado de ayuda a la detecci\u00f3n de estupefacientes<\/p><\/div><\/div><\/div><\/div><\/div><\/div>\n                    <div class=\"js-sl-pager sl-pager sl-pager--blue\"><\/div>\n                    <div class=\"sl-nav-3\"><a class=\"prev\" href=\"#\"><\/a><a class=\"next\" href=\"#\"><\/a><\/div>\n                    <\/div>\n                    <\/div><\/div><\/div><\/div>\r\n<\/div>\r\n<\/div>\r\n\r\n<\/div>\r\n<\/div>","protected":false},"excerpt":{"rendered":"Las prisiones se han convertido en una fuente lucrativa de ingresos para las pandillas criminales, ya que han logrado vender drogas (narc\u00f3ticos, hero\u00edna) y spice utilizando tel\u00e9fonos m\u00f3viles miniatura. Los reclusos han podido consumir o introducir drogas peligrosas sin ser detectados, ya que los oficiales de prisi\u00f3n no est\u00e1n autorizados a realizar b\u00fasquedas en las [&hellip;]","protected":false},"author":1,"featured_media":20258,"parent":19873,"menu_order":7,"comment_status":"closed","ping_status":"closed","template":"","meta":{"_acf_changed":false,"footnotes":""},"class_list":["post-20255","page","type-page","status-publish","has-post-thumbnail","hentry"],"acf":[],"aioseo_notices":[],"_links":{"self":[{"href":"https:\/\/www.linevsystems.com\/es\/wp-json\/wp\/v2\/pages\/20255","targetHints":{"allow":["GET"]}}],"collection":[{"href":"https:\/\/www.linevsystems.com\/es\/wp-json\/wp\/v2\/pages"}],"about":[{"href":"https:\/\/www.linevsystems.com\/es\/wp-json\/wp\/v2\/types\/page"}],"author":[{"embeddable":true,"href":"https:\/\/www.linevsystems.com\/es\/wp-json\/wp\/v2\/users\/1"}],"replies":[{"embeddable":true,"href":"https:\/\/www.linevsystems.com\/es\/wp-json\/wp\/v2\/comments?post=20255"}],"version-history":[{"count":2,"href":"https:\/\/www.linevsystems.com\/es\/wp-json\/wp\/v2\/pages\/20255\/revisions"}],"predecessor-version":[{"id":20260,"href":"https:\/\/www.linevsystems.com\/es\/wp-json\/wp\/v2\/pages\/20255\/revisions\/20260"}],"up":[{"embeddable":true,"href":"https:\/\/www.linevsystems.com\/es\/wp-json\/wp\/v2\/pages\/19873"}],"wp:featuredmedia":[{"embeddable":true,"href":"https:\/\/www.linevsystems.com\/es\/wp-json\/wp\/v2\/media\/20258"}],"wp:attachment":[{"href":"https:\/\/www.linevsystems.com\/es\/wp-json\/wp\/v2\/media?parent=20255"}],"curies":[{"name":"wp","href":"https:\/\/api.w.org\/{rel}","templated":true}]}}