{"id":20248,"date":"2025-03-17T09:49:52","date_gmt":"2025-03-17T13:49:52","guid":{"rendered":"https:\/\/linevsystems-test.com\/tecnologias\/innovador-escaner-de-rayos-x-de-triple-proyeccion-para-la-seguridad-de-vehiculos\/"},"modified":"2025-04-25T13:13:23","modified_gmt":"2025-04-25T17:13:23","slug":"innovador-escaner-de-rayos-x-de-triple-proyeccion-para-la-seguridad-de-vehiculos","status":"publish","type":"page","link":"https:\/\/www.linevsystems.com\/es\/tecnologias\/innovador-escaner-de-rayos-x-de-triple-proyeccion-para-la-seguridad-de-vehiculos\/","title":{"rendered":"Innovador esc\u00e1ner de rayos X de triple proyecci\u00f3n para la seguridad de veh\u00edculos"},"content":{"rendered":"<div class=\"article\">\r\n<div class=\"article__inner\">\r\n<h2 class=\"h2 article__title lazy-load-box\" style=\"margin-top: 30px\">Tecnolog\u00eda innovadora para el cribado de veh\u00edculos con rayos X<\/h2>\r\n\r\n<p class=\"article__text text-lg lazy-load-box\">El sistema de triple proyecci\u00f3n es un esc\u00e1ner de rayos X de doble energ\u00eda con un sistema de detecci\u00f3n dise\u00f1ado con tecnolog\u00eda innovadora.<\/p>\r\n<p class=\"article__text text-lg lazy-load-box\">El esc\u00e1ner de triple proyecci\u00f3n est\u00e1 equipado con dos tipos de fuentes de rayos X:<\/p>\r\n<ul class=\"article__list lazy-load-box\">\r\n<li>Una fuente de alta energ\u00eda para el cribado de semirremolques<\/li>\r\n<li>Una fuente de baja energ\u00eda para im\u00e1genes de alta resoluci\u00f3n de coches, autobuses, cabinas de camiones, contenedores, semirremolques y compartimentos de personas<\/li>\r\n<\/ul>\r\n<p class=\"article__text text-lg lazy-load-box\">Est\u00e1 dise\u00f1ado para la inspecci\u00f3n de todo tipo de coches, autobuses, veh\u00edculos cargados (contenedores o carga general) para la identificaci\u00f3n de la conformidad de la carga con el transporte, detecci\u00f3n de contrabando, drogas ilegales, armas. La fuente de alta energ\u00eda se utiliza para penetrar objetos y \u00e1reas muy densas dentro del cami\u00f3n como tanques de combustible, marcos, contenedores con mercanc\u00edas, y la fuente de rayos X de baja energ\u00eda est\u00e1 destinada a recibir una imagen de alta resoluci\u00f3n con buena discriminaci\u00f3n de materiales. Ayuda a detectar objetos ocultos dentro del refrigerador de contenedores, tanques de combustible, dentro de la cabina del conductor, en las ruedas.<\/p>\r\n\r\n<div class=\"caption\">\r\n<img decoding=\"async\" class=\"lazy-load-box\" style=\"margin-bottom: 30px\" src=\"\/wp-content\/uploads\/2022\/09\/pic1.jpg\">\r\n<p class=\"text\">Imagen de rayos X de baja energ\u00eda<\/p>\r\n<\/div>\r\n\r\n<div class=\"caption\">\r\n<img decoding=\"async\" class=\"lazy-load-box\" style=\"margin-bottom: 30px\" src=\"\/wp-content\/uploads\/2022\/09\/pic2.jpg\">\r\n<p class=\"text\">Imagen de rayos X de alta energ\u00eda<\/p>\r\n<\/div>\r\n\r\n<div class=\"caption\">\r\n<img decoding=\"async\" class=\"lazy-load-box\" style=\"margin-bottom: 30px\" src=\"\/wp-content\/uploads\/2022\/09\/pic3.jpg\">\r\n<p class=\"text\">Imagen de alta resoluci\u00f3n de baja energ\u00eda con ruedas protectoras y el detalle m\u00e1s peque\u00f1o<\/p>\r\n<\/div>\r\n\r\n<p class=\"article__text text-lg lazy-load-box\">Utilizando tres fuentes de energ\u00eda de rayos X, el sistema proporciona tres \u00e1ngulos de visi\u00f3n diferentes, lo que mejora notablemente las capacidades de detecci\u00f3n, eliminando cualquier &#8216;zona ciega&#8217; en el veh\u00edculo inspeccionado. Utilizando la tecnolog\u00eda de doble energ\u00eda, el sistema proporciona una codificaci\u00f3n de colores para la separaci\u00f3n de materiales, permitiendo distinguir entre materiales org\u00e1nicos, no org\u00e1nicos y met\u00e1licos.<\/p>\r\n\r\n<div class=\"custom_2 table-adaptive js-sort-table\">\r\n<table>\r\n<thead>\r\n<tr>\r\n<th>Color<\/th>\r\n<th>Rango efectivo Z<\/th>\r\n<th>Categor\u00eda<\/th>\r\n<th>Ejemplo<\/th>\r\n<\/tr>\r\n<\/thead>\r\n<tbody>\r\n<tr>\r\n<td>\r\n<div class=\"rectangle\" style=\"background-color: #EB3323\"><\/div>\r\n<\/td>\r\n<td>0 &#8211; 7<\/td>\r\n<td>narc\u00f3ticos<\/td>\r\n<td>hero\u00edna, coca\u00edna, LSD, grasa, jab\u00f3n, nylon, combustible, alcohol, pl\u00e1stico<\/td>\r\n<\/tr>\r\n<tr>\r\n<td>\r\n<div class=\"rectangle\" style=\"background-color: #EA983E\"><\/div>\r\n<\/td>\r\n<td>7 &#8211; 10<\/td>\r\n<td>explosivos<\/td>\r\n<td>fluoruro de polivinilideno, RDX, TNT, plastid<\/td>\r\n<\/tr>\r\n<tr>\r\n<td>\r\n<div class=\"rectangle\" style=\"background-color: #AED2A2\"><\/div>\r\n<\/td>\r\n<td>10 &#8211; 14<\/td>\r\n<td>piedras preciosas<\/td>\r\n<td>zafiros, rub\u00edes, vidrio<\/td>\r\n<\/tr>\r\n<tr>\r\n<td>\r\n<div class=\"rectangle\" style=\"background-color: #30703C\"><\/div>\r\n<\/td>\r\n<td>14 &#8211; 18<\/td>\r\n<td>sustancias minerales<\/td>\r\n<td>cloruro de polivinilo, hueso, yeso, sal<\/td>\r\n<\/tr>\r\n<tr>\r\n<td>\r\n<div class=\"rectangle\" style=\"background-color: #84CDF3\"><\/div>\r\n<\/td>\r\n<td>18 &#8211; 22<\/td>\r\n<td>sustancias inorg\u00e1nicas<\/td>\r\n<td>sulfato de cobre<\/td>\r\n<\/tr>\r\n<tr>\r\n<td>\r\n<div class=\"rectangle\" style=\"background-color: #2D72B6\"><\/div>\r\n<\/td>\r\n<td>22 &#8211; 35<\/td>\r\n<td>metales ferrosos<\/td>\r\n<td>lat\u00f3n, acero<\/td>\r\n<\/tr>\r\n<tr>\r\n<td>\r\n<div class=\"rectangle\" style=\"background-color: #85338B\"><\/div>\r\n<\/td>\r\n<td>35 y m\u00e1s<\/td>\r\n<td>metales preciosos<\/td>\r\n<td>oro, platino<\/td>\r\n<\/tr>\r\n<\/tbody>\r\n<\/table>\r\n<\/div>\r\n\r\n<h2 class=\"h2 article__title lazy-load-box\">Ventajas de la inspecci\u00f3n por rayos X de tres proyecciones<\/h2>\r\n\r\n<p class=\"article__text text-lg lazy-load-box\">Las ventajas de la tecnolog\u00eda de doble energ\u00eda se ilustran en el siguiente ejemplo. En realidad, la tecnolog\u00eda de energ\u00eda dual significa que el objeto explorado es penetrado con pulsos alternos de corta longitud y diferente energ\u00eda. La absorci\u00f3n de los haces de rayos X por los distintos materiales var\u00eda en funci\u00f3n de la potencia de radiaci\u00f3n, lo que permite medir los niveles de absorci\u00f3n. Analizando estos niveles, es posible determinar la composici\u00f3n del material del que est\u00e1 hecho el objeto. <!-- Debido al conocido efecto de que el grado de absorci\u00f3n de los haces de rayos X de los diferentes materiales depende de la potencia de radiaci\u00f3n y penetra a trav\u00e9s del objeto con diferente potencia, es posible medir su grado de absorci\u00f3n y determinar el material del que est\u00e1 hecho el objeto.--><\/p>\r\n\r\n\r\n<div class=\"caption\">\r\n<img decoding=\"async\" class=\"lazy-load-box\" src=\"\/wp-content\/uploads\/2022\/09\/pic2.jpg\">\r\n<p class=\"text\">C\u00f3digo de colores de baja energ\u00eda<\/p>\r\n<\/div>\r\n\r\n<div class=\"caption\">\r\n<img decoding=\"async\" class=\"lazy-load-box\" src=\"\/wp-content\/uploads\/2022\/09\/pic4.jpg\">\r\n<p class=\"text\">C\u00f3digo de colores de alta energ\u00eda<\/p>\r\n<\/div>\r\n\r\n<div class=\"caption\">\r\n<img decoding=\"async\" class=\"lazy-load-box\" src=\"\/wp-content\/uploads\/2022\/09\/pic6.jpg\">\r\n<p class=\"text\">High-Energy color coding<\/p>\r\n<\/div>\r\n\r\n<p class=\"article__text text-lg lazy-load-box\">Gracias a una tecnolog\u00eda patentada, podemos garantizar una dosis de radiaci\u00f3n baja (&amp;lt;0,25 &amp;mu;Sv\/escaneo) que permite al conductor permanecer en la cabina del cami\u00f3n durante el proceso de escaneado.<\/p>\r\n\r\n<div class=\"custom_2 table-adaptive js-sort-table\">\r\n<table>\r\n<thead>\r\n<tr>\r\n<th>Color<\/th>\r\n<th>Rango efectivo Z<\/th>\r\n<th>Categor\u00eda<\/th>\r\n<th>Ejemplo<\/th>\r\n<\/tr>\r\n<\/thead>\r\n<tbody>\r\n<tr>\r\n<td>\r\n<div class=\"rectangle\" style=\"background-color: #EB3323\"><\/div>\r\n<\/td>\r\n<td>0 &#8211; 7<\/td>\r\n<td>narc\u00f3ticos<\/td>\r\n<td>hero\u00edna, coca\u00edna, LSD, grasa, jab\u00f3n, nylon, combustible, alcohol, pl\u00e1stico<\/td>\r\n<\/tr>\r\n<tr>\r\n<td>\r\n<div class=\"rectangle\" style=\"background-color: #EA983E\"><\/div>\r\n<\/td>\r\n<td>7 &#8211; 10<\/td>\r\n<td>explosivos<\/td>\r\n<td>fluoruro de polivinilideno, RDX, TNT, plastid<\/td>\r\n<\/tr>\r\n<tr>\r\n<td>\r\n<div class=\"rectangle\" style=\"background-color: #AED2A2\"><\/div>\r\n<\/td>\r\n<td>10 &#8211; 14<\/td>\r\n<td>piedras preciosas<\/td>\r\n<td>zafiros, rub\u00edes, vidrio<\/td>\r\n<\/tr>\r\n<tr>\r\n<td>\r\n<div class=\"rectangle\" style=\"background-color: #30703C\"><\/div>\r\n<\/td>\r\n<td>14 &#8211; 18<\/td>\r\n<td>sustancias minerales<\/td>\r\n<td>cloruro de polivinilo, hueso, yeso, sal<\/td>\r\n<\/tr>\r\n<tr>\r\n<td>\r\n<div class=\"rectangle\" style=\"background-color: #84CDF3\"><\/div>\r\n<\/td>\r\n<td>18 &#8211; 22<\/td>\r\n<td>sustancias inorg\u00e1nicas<\/td>\r\n<td>sulfato de cobre<\/td>\r\n<\/tr>\r\n<tr>\r\n<td>\r\n<div class=\"rectangle\" style=\"background-color: #2D72B6\"><\/div>\r\n<\/td>\r\n<td>22 &#8211; 35<\/td>\r\n<td>metales ferrosos<\/td>\r\n<td>lat\u00f3n, acero<\/td>\r\n<\/tr>\r\n<tr>\r\n<td>\r\n<div class=\"rectangle\" style=\"background-color: #85338B\"><\/div>\r\n<\/td>\r\n<td>35 y m\u00e1s<\/td>\r\n<td>metales preciosos<\/td>\r\n<td>oro, platino<\/td>\r\n<\/tr>\r\n<\/tbody>\r\n<\/table>\r\n<\/div>\r\n\r\n<p class=\"article__text text-lg lazy-load-box\">Los sistemas DTP tienen importantes capacidades de rendimiento que complementan el control aduanero y de seguridad:<\/p>\r\n\r\n<ul class=\"article__list lazy-load-box\">\r\n<li>Escaneo de todos los tipos de veh\u00edculos con tecnolog\u00eda de escaneo innovadora de conducci\u00f3n, donde la cabina del conductor no est\u00e1 expuesta a los haces de rayos X, o se escanea con una fuente de baja energ\u00eda, lo que permite que los camiones se muevan con su propio poder a trav\u00e9s del \u00e1rea de escaneo. El sistema es capaz de hacer un escaneo completo de cualquier veh\u00edculo utilizando fuentes de radiaci\u00f3n de baja energ\u00eda en proyecciones verticales y laterales, mientras que el escaneo del cuerpo del cami\u00f3n, semirremolques, remolques de camiones y carga, que tiene una alta capacidad de absorci\u00f3n de rayos X, se realiza utilizando una fuente de alta energ\u00eda &mdash; as\u00ed, se lleva a cabo un escaneo seguro y completo de cualquier veh\u00edculo, mientras que la dosis m\u00e1xima al conductor no excede 0.25 &mu;Sv por escaneo, incluso cuando la cabina se escanea.<\/li>\r\n\r\n<li>Inteligencia Artificial para la detecci\u00f3n de personas &mdash; el sistema puede detectar autom\u00e1ticamente, calcular el n\u00famero y se\u00f1alar d\u00f3nde hay cuerpos humanos en la imagen de rayos X mostrada.<\/li>\r\n\r\n<li>Operaci\u00f3n simple &mdash; la interfaz gr\u00e1fica de usuario amigable permite una operaci\u00f3n f\u00e1cil, incluso para el personal b\u00e1sico entrenado.<\/li>\r\n\r\n<li>Alto rendimiento &mdash; el sistema puede escanear y analizar r\u00e1pidamente el contenido de los veh\u00edculos en el flujo de tr\u00e1fico alto con un modo de operaci\u00f3n de conducci\u00f3n. El escaneo de baja energ\u00eda de la cabina del veh\u00edculo de pasajeros o del cami\u00f3n permite que el conductor y los pasajeros permanezcan en el veh\u00edculo mientras se escanea, aumentando significativamente el rendimiento de seguridad general, anulando el embarque\/desembarque adicional del conductor y los pasajeros y evitando que caminen fuera del \u00e1rea de protecci\u00f3n.<\/li>\r\n\r\n<li>Seguridad de la radiaci\u00f3n &mdash; la tecnolog\u00eda de baja dosis de radiaci\u00f3n, en combinaci\u00f3n con los sistemas de seguridad pasiva y activa de rayos X efectivos, garantizan certeza para los conductores de veh\u00edculos, pasajeros, operadores del sistema y espectadores.<\/li>\r\n\r\n<li>Im\u00e1genes de rayos X de alta calidad &mdash; el sistema puede garantizar una alta resoluci\u00f3n espacial, detecci\u00f3n y sensibilidad de contraste. El cribado de rayos X de baja energ\u00eda tiene una resoluci\u00f3n de alambre superior, lo que significa que las im\u00e1genes de objetos de baja densidad tienen mejor calidad.<\/li>\r\n\r\n<li>Servicio superior &mdash; Nos esforzamos por un servicio excepcional a trav\u00e9s de un enfoque centrado en el cliente.<\/li>\r\n<\/ul>\r\n\r\n<p class=\"article__text text-lg lazy-load-box\">El esc\u00e1ner de rayos X de tres proyecciones puede usarse en puertos mar\u00edtimos, fronteras, aeropuertos, puntos de control de tr\u00e1fico y aduanas.<\/p>\r\n\r\n<div class=\"caption\">\r\n<img decoding=\"async\" class=\"lazy-load-box\" src=\"\/wp-content\/uploads\/2022\/11\/dtp_7500320dv_triple_detector_technology.jpg\">\r\n<\/div>\r\n\r\n<div class=\"article\"><div class=\"article__inner\">\r\n<div class=\"sl-related__wrap full-wrap\">\n                <div class=\"container\">\n                    <div class=\"animate-box lazy-load-box\" data-delay=\"0\" data-speed=\"300\"><h2 class=\"h2 sl-related__title heading-decor\"><span class=\"decor-item\">Productos relacionados<\/span><\/h2><div class=\"sl-related sl-progress sl-prod-list-1\">\n                    <div class=\"wrap cursor inited-not\">\n                        <div class=\"slider\">\n                    <div class=\"slide\">\n                        <div class=\"inner\">\n                            <div class=\"div featured-card\">\n                                <div class=\"featured-card__pic-wrap\">\n                                    <div class=\"featured-card__pic\"><img decoding=\"async\" src=\"https:\/\/www.linevsystems.com\/wp-content\/uploads\/2022\/08\/dtp-7500320dv-340x200.jpg\" alt=\"LV Security DTP 7500\/320DV\"><\/div><div class=\"featured-card__flags-body\">\n                                <div class=\"flags\">\n                            <a class=\"hover-message\" href=\"#\">\n                                    <img decoding=\"async\" class=\"featured-card__flags-img\" src=\"https:\/\/www.linevsystems.com\/wp-content\/themes\/html_dev\/local\/templates\/.default\/img\/tmp\/news-list-flag-01.svg\" alt=\"usa\">\n                                    <div class=\"hover-messageText\">Producto disponible en LINEV Systems US<\/div>\n                            <\/a>\n                        \n                            <a class=\"hover-message\" href=\"#\">\n                                    <img decoding=\"async\" class=\"featured-card__flags-img\" src=\"https:\/\/www.linevsystems.com\/wp-content\/themes\/html_dev\/local\/templates\/.default\/img\/tmp\/news-list-flag-02.svg\" alt=\"uk\">\n                                    <div class=\"hover-messageText\">Producto disponible en LINEV Systems UK<\/div>\n                            <\/a>\n                        \n                            <a class=\"hover-message\" href=\"#\">\n                                    <img decoding=\"async\" class=\"featured-card__flags-img\" src=\"https:\/\/www.linevsystems.com\/wp-content\/themes\/html_dev\/local\/templates\/.default\/img\/tmp\/sl-prod-list-flag-03.svg\" alt=\"uae\">\n                                    <div class=\"hover-messageText\">Producto disponible en LINEV Systems EAU<\/div>\n                            <\/a>\n                         <\/div>\n                        <\/div>\n                    <\/div>\n                        <div class=\"featured-card__desc-wrap\">\n                            <div class=\"featured-card__desc\">\n                                <div class=\"featured-card__tag-wrap\">\n                                    <\/div><a class=\"featured-card__title\" href=\"https:\/\/www.linevsystems.com\/es\/products\/escaneres-de-seguridad-rayos-x\/inspeccion-de-cargas-y-vehiculos\/dtp-7500-320dv\/\">DTP 7500\/320DV &middot; Soluci\u00f3n multienerg\u00eda\/de doble visi\u00f3n<i class=\"icon\"><\/i><\/a>\n                <p class=\"featured-card__text\">La exclusiva tecnolog\u00eda de proyecci\u00f3n m\u00faltiple y energ\u00eda del sistema permite inspeccionar con seguridad veh\u00edculos de varios tama\u00f1os, como turismos, furgonetas, autobuses y camiones cargados, al mismo tiempo.<\/p><\/div><\/div><\/div><\/div><\/div><\/div>\n                    <div class=\"js-sl-pager sl-pager sl-pager--blue\"><\/div>\n                    <div class=\"sl-nav-3\"><a class=\"prev\" href=\"#\"><\/a><a class=\"next\" href=\"#\"><\/a><\/div>\n                    <\/div>\n                    <\/div><\/div><\/div><\/div>\r\n<\/div>\r\n<\/div>\r\n\r\n<\/div>\r\n<\/div>","protected":false},"excerpt":{"rendered":"Tecnolog\u00eda innovadora para el cribado de veh\u00edculos con rayos X El sistema de triple proyecci\u00f3n es un esc\u00e1ner de rayos X de doble energ\u00eda con un sistema de detecci\u00f3n dise\u00f1ado con tecnolog\u00eda innovadora. El esc\u00e1ner de triple proyecci\u00f3n est\u00e1 equipado con dos tipos de fuentes de rayos X: Una fuente de alta energ\u00eda para el [&hellip;]","protected":false},"author":1,"featured_media":20250,"parent":19873,"menu_order":6,"comment_status":"closed","ping_status":"closed","template":"","meta":{"_acf_changed":false,"footnotes":""},"class_list":["post-20248","page","type-page","status-publish","has-post-thumbnail","hentry"],"acf":[],"aioseo_notices":[],"_links":{"self":[{"href":"https:\/\/www.linevsystems.com\/es\/wp-json\/wp\/v2\/pages\/20248","targetHints":{"allow":["GET"]}}],"collection":[{"href":"https:\/\/www.linevsystems.com\/es\/wp-json\/wp\/v2\/pages"}],"about":[{"href":"https:\/\/www.linevsystems.com\/es\/wp-json\/wp\/v2\/types\/page"}],"author":[{"embeddable":true,"href":"https:\/\/www.linevsystems.com\/es\/wp-json\/wp\/v2\/users\/1"}],"replies":[{"embeddable":true,"href":"https:\/\/www.linevsystems.com\/es\/wp-json\/wp\/v2\/comments?post=20248"}],"version-history":[{"count":3,"href":"https:\/\/www.linevsystems.com\/es\/wp-json\/wp\/v2\/pages\/20248\/revisions"}],"predecessor-version":[{"id":20254,"href":"https:\/\/www.linevsystems.com\/es\/wp-json\/wp\/v2\/pages\/20248\/revisions\/20254"}],"up":[{"embeddable":true,"href":"https:\/\/www.linevsystems.com\/es\/wp-json\/wp\/v2\/pages\/19873"}],"wp:featuredmedia":[{"embeddable":true,"href":"https:\/\/www.linevsystems.com\/es\/wp-json\/wp\/v2\/media\/20250"}],"wp:attachment":[{"href":"https:\/\/www.linevsystems.com\/es\/wp-json\/wp\/v2\/media?parent=20248"}],"curies":[{"name":"wp","href":"https:\/\/api.w.org\/{rel}","templated":true}]}}