{"id":19864,"date":"2025-03-13T05:41:09","date_gmt":"2025-03-13T09:41:09","guid":{"rendered":"https:\/\/linevsystems-test.com\/soluciones\/"},"modified":"2025-04-25T13:29:12","modified_gmt":"2025-04-25T17:29:12","slug":"x-ray-solutions","status":"publish","type":"page","link":"https:\/\/www.linevsystems.com\/es\/x-ray-solutions\/","title":{"rendered":"Soluciones"},"content":{"rendered":"<div class=\"submenu\">\r\n   <div class=\"submenu-header\">\r\n      <div class=\"container\">\r\n         <div class=\"submenu-list\">\r\n            <div class=\"row\">\r\n               <div class=\"col-12 col-lg-6 col-xl-3\">\r\n                  <a href=\"https:\/\/www.linevsystems.com\/products\/security-x-ray-screening\/\" class=\"entities-card submenu-card\">\r\n                     <div class=\"entities-card__pic-wrap\">\r\n                        <div class=\"entities-card__picture\">\r\n                           <noscript><img decoding=\"async\" src=\"\/wp-content\/uploads\/2023\/07\/ls-magamenu-security-01.jpg\" alt=\"Rayos X de seguridad de \u00faltima generaci\u00f3n\"><\/noscript>\r\n                           <img decoding=\"async\" class=\" ls-is-cached lazyloaded\" src=\"\/wp-content\/uploads\/2023\/07\/ls-magamenu-security-01.jpg\" data-src=\"\/wp-content\/uploads\/2023\/07\/ls-magamenu-security-01.jpg\" alt=\"Rayos X de seguridad de \u00faltima generaci\u00f3n\">\r\n                        <\/div>\r\n                     <\/div>\r\n                     <div class=\"entities-card__desc-wrap\">\r\n                        <div class=\"entities-card__desc\">\r\n                           <div class=\"entities-card__title-wrap\">\r\n                              <div class=\"entities-card__title\"> <span class=\"decor-item\">Rayos X de seguridad de \u00faltima generaci\u00f3n<\/span>&nbsp;<i class=\"icon\"><\/i><\/div>\r\n                           <\/div>\r\n                           <div class=\"entities-card__country\"><\/div>\r\n                        <\/div>\r\n                     <\/div>\r\n                  <\/a>\r\n               <\/div>\r\n               <div class=\"col-12 col-lg-6 col-xl-3\">\r\n                  <a href=\"https:\/\/www.linevsystems.com\/products\/x-ray-ndt-imaging\/\" class=\"entities-card submenu-card\">\r\n                     <div class=\"entities-card__pic-wrap\">\r\n                        <div class=\"entities-card__picture\">\r\n                           <noscript><img decoding=\"async\" src=\"\/wp-content\/uploads\/2023\/07\/ls-megamenu-ndt-2.jpg\" alt=\"Pioneros en END con rayos X\"><\/noscript>\r\n                           <img decoding=\"async\" class=\" ls-is-cached lazyloaded\" src=\"\/wp-content\/uploads\/2023\/07\/ls-megamenu-ndt-2.jpg\" data-src=\"\/wp-content\/uploads\/2023\/07\/ls-megamenu-ndt-2.jpg\" alt=\"Pioneros en END con rayos X\">\r\n                        <\/div>\r\n                     <\/div>\r\n                     <div class=\"entities-card__desc-wrap\">\r\n                        <div class=\"entities-card__desc\">\r\n                           <div class=\"entities-card__title-wrap\">\r\n                              <div class=\"entities-card__title\"> <span class=\"decor-item\">Pioneros en END con rayos X<\/span>&nbsp;<i class=\"icon\"><\/i><\/div>\r\n                           <\/div>\r\n                           <div class=\"entities-card__country\"><\/div>\r\n                        <\/div>\r\n                     <\/div>\r\n                  <\/a>\r\n               <\/div>\r\n               <div class=\"col-12 col-lg-6 col-xl-3\">\r\n                  <a href=\"https:\/\/www.linevsystems.com\/products\/esr-xrd-diffractometers-spectrometers\/\" class=\"entities-card submenu-card\">\r\n                     <div class=\"entities-card__pic-wrap\">\r\n                        <div class=\"entities-card__picture\">\r\n                           <noscript><img decoding=\"async\" src=\"\/wp-content\/uploads\/2023\/07\/ls-magamenu-diffractometers-01.jpg\" alt=\"Instrumentos anal\u00edticos de sobremesa\"><\/noscript>\r\n                           <img decoding=\"async\" class=\" ls-is-cached lazyloaded\" src=\"\/wp-content\/uploads\/2023\/07\/ls-magamenu-diffractometers-01.jpg\" data-src=\"\/wp-content\/uploads\/2023\/07\/ls-magamenu-diffractometers-01.jpg\" alt=\"Instrumentos anal\u00edticos de sobremesa\">\r\n                        <\/div>\r\n                     <\/div>\r\n                     <div class=\"entities-card__desc-wrap\">\r\n                        <div class=\"entities-card__desc\">\r\n                           <div class=\"entities-card__title-wrap\">\r\n                              <div class=\"entities-card__title\"> <span class=\"decor-item\">Instrumentos anal\u00edticos de sobremesa<\/span>&nbsp;<i class=\"icon\"><\/i><\/div>\r\n                           <\/div>\r\n                           <div class=\"entities-card__country\"><\/div>\r\n                        <\/div>\r\n                     <\/div>\r\n                  <\/a>\r\n               <\/div>\r\n               <div class=\"col-12 col-lg-6 col-xl-3\">\r\n                  <a href=\"https:\/\/www.linevsystems.com\/products\/forensics\/\" class=\"entities-card submenu-card\">\r\n                     <div class=\"entities-card__pic-wrap\">\r\n                        <div class=\"entities-card__picture\">\r\n                           <noscript><img decoding=\"async\" src=\"\/wp-content\/uploads\/2023\/07\/ls-magamenu-forensics-01.jpg\" alt=\"Radiograf\u00eda forense de cuerpo entero\"><\/noscript>\r\n                           <img decoding=\"async\" class=\" ls-is-cached lazyloaded\" src=\"\/wp-content\/uploads\/2023\/07\/ls-magamenu-forensics-01.jpg\" data-src=\"\/wp-content\/uploads\/2023\/07\/ls-magamenu-forensics-01.jpg\" alt=\"Radiograf\u00eda forense de cuerpo entero\">\r\n                        <\/div>\r\n                     <\/div>\r\n                     <div class=\"entities-card__desc-wrap\">\r\n                        <div class=\"entities-card__desc\">\r\n                           <div class=\"entities-card__title-wrap\">\r\n                              <div class=\"entities-card__title\"> <span class=\"decor-item\">Radiograf\u00eda forense de cuerpo entero<\/span>&nbsp;<i class=\"icon\"><\/i><\/div>\r\n                           <\/div>\r\n                           <div class=\"entities-card__country\"><\/div>\r\n                        <\/div>\r\n                     <\/div>\r\n                  <\/a>\r\n               <\/div>\r\n            <\/div>\r\n         <\/div>\r\n      <\/div>\r\n   <\/div>\r\n<\/div>","protected":false},"excerpt":{"rendered":"Rayos X de seguridad de \u00faltima generaci\u00f3n&nbsp; Pioneros en END con rayos X&nbsp; Instrumentos anal\u00edticos de sobremesa&nbsp; Radiograf\u00eda forense de cuerpo entero&nbsp;","protected":false},"author":1,"featured_media":19840,"parent":0,"menu_order":1,"comment_status":"closed","ping_status":"closed","template":"","meta":{"_acf_changed":false,"footnotes":""},"class_list":["post-19864","page","type-page","status-publish","has-post-thumbnail","hentry"],"acf":[],"aioseo_notices":[],"_links":{"self":[{"href":"https:\/\/www.linevsystems.com\/es\/wp-json\/wp\/v2\/pages\/19864","targetHints":{"allow":["GET"]}}],"collection":[{"href":"https:\/\/www.linevsystems.com\/es\/wp-json\/wp\/v2\/pages"}],"about":[{"href":"https:\/\/www.linevsystems.com\/es\/wp-json\/wp\/v2\/types\/page"}],"author":[{"embeddable":true,"href":"https:\/\/www.linevsystems.com\/es\/wp-json\/wp\/v2\/users\/1"}],"replies":[{"embeddable":true,"href":"https:\/\/www.linevsystems.com\/es\/wp-json\/wp\/v2\/comments?post=19864"}],"version-history":[{"count":3,"href":"https:\/\/www.linevsystems.com\/es\/wp-json\/wp\/v2\/pages\/19864\/revisions"}],"predecessor-version":[{"id":19868,"href":"https:\/\/www.linevsystems.com\/es\/wp-json\/wp\/v2\/pages\/19864\/revisions\/19868"}],"wp:featuredmedia":[{"embeddable":true,"href":"https:\/\/www.linevsystems.com\/es\/wp-json\/wp\/v2\/media\/19840"}],"wp:attachment":[{"href":"https:\/\/www.linevsystems.com\/es\/wp-json\/wp\/v2\/media?parent=19864"}],"curies":[{"name":"wp","href":"https:\/\/api.w.org\/{rel}","templated":true}]}}